{"id":15875,"date":"2026-04-28T17:22:00","date_gmt":"2026-04-28T15:22:00","guid":{"rendered":"https:\/\/captainlanger.com\/?page_id=15875"},"modified":"2026-04-29T15:59:46","modified_gmt":"2026-04-29T13:59:46","slug":"rechtliche-grundlagen","status":"publish","type":"page","link":"https:\/\/captainlanger.com\/en\/weiterbildung-nautische-fachmodule-captain-langer\/rechtliche-grundlagen\/","title":{"rendered":"Legal Foundations"},"content":{"rendered":"<div data-elementor-type=\"wp-page\" data-elementor-id=\"15875\" class=\"elementor elementor-15875\" data-elementor-post-type=\"page\">\n\t\t\t\t<div class=\"elementor-element elementor-element-34f80400 e-con-full e-flex e-con e-parent\" data-id=\"34f80400\" data-element_type=\"container\" data-e-type=\"container\" data-settings=\"{&quot;background_background&quot;:&quot;classic&quot;}\">\n\t\t<div class=\"elementor-element elementor-element-285c56d5 e-flex e-con-boxed e-con e-child\" data-id=\"285c56d5\" data-element_type=\"container\" data-e-type=\"container\" data-settings=\"{&quot;background_background&quot;:&quot;classic&quot;}\">\n\t\t\t\t\t<div class=\"e-con-inner\">\n\t\t<div class=\"elementor-element elementor-element-5fdba4cf e-con-full e-flex e-con e-child\" data-id=\"5fdba4cf\" data-element_type=\"container\" data-e-type=\"container\">\n\t\t\t\t<div class=\"elementor-element elementor-element-42e1f800 elementor-widget elementor-widget-heading\" data-id=\"42e1f800\" data-element_type=\"widget\" data-e-type=\"widget\" data-widget_type=\"heading.default\">\n\t\t\t\t<div class=\"elementor-widget-container\">\n\t\t\t\t\t<h1 class=\"elementor-heading-title elementor-size-default\">Legal Foundations<\/h1>\t\t\t\t<\/div>\n\t\t\t\t<\/div>\n\t\t\t\t<div class=\"elementor-element elementor-element-4c3b4be8 elementor-widget elementor-widget-text-editor\" data-id=\"4c3b4be8\" data-element_type=\"widget\" data-e-type=\"widget\" data-widget_type=\"text-editor.default\">\n\t\t\t\t<div class=\"elementor-widget-container\">\n\t\t\t\t\t\t\t\t\t<p>Legal principles are an essential part of safe navigation.\nThis module provides the relevant regulations in a clear, structured, and practical manner \u2014 with a focus on responsibility and decision\u2011making quality.<\/p>\t\t\t\t\t\t\t\t<\/div>\n\t\t\t\t<\/div>\n\t\t\t\t<\/div>\n\t\t<div class=\"elementor-element elementor-element-395b52c3 e-con-full e-flex e-con e-child\" data-id=\"395b52c3\" data-element_type=\"container\" data-e-type=\"container\" data-settings=\"{&quot;background_background&quot;:&quot;classic&quot;}\">\n\t\t\t\t<\/div>\n\t\t\t\t\t<\/div>\n\t\t\t\t<\/div>\n\t\t\t\t<\/div>\n\t\t<div class=\"elementor-element elementor-element-6b7359a0 e-flex e-con-boxed e-con e-parent\" data-id=\"6b7359a0\" data-element_type=\"container\" data-e-type=\"container\">\n\t\t\t\t\t<div class=\"e-con-inner\">\n\t\t<div class=\"elementor-element elementor-element-3cb4d5d9 e-con-full e-flex e-con e-child\" data-id=\"3cb4d5d9\" data-element_type=\"container\" data-e-type=\"container\">\n\t\t\t\t<div class=\"elementor-element elementor-element-2263889d elementor-widget elementor-widget-heading\" data-id=\"2263889d\" data-element_type=\"widget\" data-e-type=\"widget\" data-widget_type=\"heading.default\">\n\t\t\t\t<div class=\"elementor-widget-container\">\n\t\t\t\t\t<h2 class=\"elementor-heading-title elementor-size-default\">Nautical Specialist Module: Legal Foundations<\/h2>\t\t\t\t<\/div>\n\t\t\t\t<\/div>\n\t\t\t\t<div class=\"elementor-element elementor-element-7cbf9194 elementor-widget elementor-widget-text-editor\" data-id=\"7cbf9194\" data-element_type=\"widget\" data-e-type=\"widget\" data-widget_type=\"text-editor.default\">\n\t\t\t\t<div class=\"elementor-widget-container\">\n\t\t\t\t\t\t\t\t\t<p>This module offers a structured overview of the most important legal aspects for skippers and persons in command.\nThe goal is a clear understanding of duties, responsibilities, and legal consequences \u2014 without unnecessary formalism, but with technical precision.<\/p>\t\t\t\t\t\t\t\t<\/div>\n\t\t\t\t<\/div>\n\t\t\t\t<\/div>\n\t\t\t\t\t<\/div>\n\t\t\t\t<\/div>\n\t\t<div class=\"elementor-element elementor-element-490e5119 e-flex e-con-boxed e-con e-parent\" data-id=\"490e5119\" data-element_type=\"container\" data-e-type=\"container\" data-settings=\"{&quot;background_background&quot;:&quot;classic&quot;}\">\n\t\t\t\t\t<div class=\"e-con-inner\">\n\t\t<div class=\"elementor-element elementor-element-2b5610f5 e-con-full e-flex e-con e-child\" data-id=\"2b5610f5\" data-element_type=\"container\" data-e-type=\"container\" data-settings=\"{&quot;background_background&quot;:&quot;classic&quot;}\">\n\t\t\t\t<div class=\"elementor-element elementor-element-55921723 elementor-widget elementor-widget-heading\" data-id=\"55921723\" data-element_type=\"widget\" data-e-type=\"widget\" data-widget_type=\"heading.default\">\n\t\t\t\t<div class=\"elementor-widget-container\">\n\t\t\t\t\t<h2 class=\"elementor-heading-title elementor-size-default\">Module Content<\/h2>\t\t\t\t<\/div>\n\t\t\t\t<\/div>\n\t\t\t\t<div class=\"elementor-element elementor-element-33d4f220 elementor-widget elementor-widget-text-editor\" data-id=\"33d4f220\" data-element_type=\"widget\" data-e-type=\"widget\" data-widget_type=\"text-editor.default\">\n\t\t\t\t<div class=\"elementor-widget-container\">\n\t\t\t\t\t\t\t\t\t<p>The module covers the central legal foundations of recreational maritime navigation:<\/p>\t\t\t\t\t\t\t\t<\/div>\n\t\t\t\t<\/div>\n\t\t\t\t<div class=\"elementor-element elementor-element-7da81a52 elementor-widget elementor-widget-text-editor\" data-id=\"7da81a52\" data-element_type=\"widget\" data-e-type=\"widget\" data-widget_type=\"text-editor.default\">\n\t\t\t\t<div class=\"elementor-widget-container\">\n\t\t\t\t\t\t\t\t\t<section class=\"hero\"><div class=\"container hero-inner\"><div class=\"hero-image\"><ul><li>Responsibilities of the person in command<\/li><li>Duties before and during the voyage<\/li><li>Collision Regulations (COLREGs)<\/li><li>National regulations<\/li><li>Documentation requirements<\/li><li>Certificates of competence &amp; validity<\/li><li>Insurance\u2011relevant aspects<\/li><li>Liability &amp; legal consequences<\/li><\/ul><\/div><\/div><\/section>\t\t\t\t\t\t\t\t<\/div>\n\t\t\t\t<\/div>\n\t\t\t\t<\/div>\n\t\t\t\t\t<\/div>\n\t\t\t\t<\/div>\n\t\t<div class=\"elementor-element elementor-element-1041e5b3 e-flex e-con-boxed e-con e-parent\" data-id=\"1041e5b3\" data-element_type=\"container\" data-e-type=\"container\" data-settings=\"{&quot;background_background&quot;:&quot;classic&quot;}\">\n\t\t\t\t\t<div class=\"e-con-inner\">\n\t\t<div class=\"elementor-element elementor-element-4f3e008f e-con-full e-flex e-con e-child\" data-id=\"4f3e008f\" data-element_type=\"container\" data-e-type=\"container\" data-settings=\"{&quot;background_background&quot;:&quot;classic&quot;}\">\n\t\t\t\t<div class=\"elementor-element elementor-element-5d7a3899 elementor-widget elementor-widget-heading\" data-id=\"5d7a3899\" data-element_type=\"widget\" data-e-type=\"widget\" data-widget_type=\"heading.default\">\n\t\t\t\t<div class=\"elementor-widget-container\">\n\t\t\t\t\t<h2 class=\"elementor-heading-title elementor-size-default\">Course Structure<\/h2>\t\t\t\t<\/div>\n\t\t\t\t<\/div>\n\t\t\t\t<div class=\"elementor-element elementor-element-2bc678a elementor-widget elementor-widget-text-editor\" data-id=\"2bc678a\" data-element_type=\"widget\" data-e-type=\"widget\" data-widget_type=\"text-editor.default\">\n\t\t\t\t<div class=\"elementor-widget-container\">\n\t\t\t\t\t\t\t\t\t<p>Instruction is calm, structured, and practically oriented:<\/p>\t\t\t\t\t\t\t\t<\/div>\n\t\t\t\t<\/div>\n\t\t\t\t<div class=\"elementor-element elementor-element-2183472f elementor-widget elementor-widget-text-editor\" data-id=\"2183472f\" data-element_type=\"widget\" data-e-type=\"widget\" data-widget_type=\"text-editor.default\">\n\t\t\t\t<div class=\"elementor-widget-container\">\n\t\t\t\t\t\t\t\t\t<section class=\"hero\"><div class=\"container hero-inner\"><div class=\"hero-image\"><ul><li>Introduction to the legal foundations<\/li><li>Analysis of typical real\u2011world scenarios<\/li><li>Discussion of relevant regulations<\/li><li>Individual questions and case examples<\/li><\/ul><\/div><\/div><\/section>\t\t\t\t\t\t\t\t<\/div>\n\t\t\t\t<\/div>\n\t\t\t\t<\/div>\n\t\t\t\t\t<\/div>\n\t\t\t\t<\/div>\n\t\t<div class=\"elementor-element elementor-element-316c64b4 e-flex e-con-boxed e-con e-parent\" data-id=\"316c64b4\" data-element_type=\"container\" data-e-type=\"container\" data-settings=\"{&quot;background_background&quot;:&quot;classic&quot;}\">\n\t\t\t\t\t<div class=\"e-con-inner\">\n\t\t<div class=\"elementor-element elementor-element-6fbb0617 e-con-full e-flex e-con e-child\" data-id=\"6fbb0617\" data-element_type=\"container\" data-e-type=\"container\" data-settings=\"{&quot;background_background&quot;:&quot;classic&quot;}\">\n\t\t\t\t<div class=\"elementor-element elementor-element-55daa1d2 elementor-widget elementor-widget-heading\" data-id=\"55daa1d2\" data-element_type=\"widget\" data-e-type=\"widget\" data-widget_type=\"heading.default\">\n\t\t\t\t<div class=\"elementor-widget-container\">\n\t\t\t\t\t<h2 class=\"elementor-heading-title elementor-size-default\">Requirements<\/h2>\t\t\t\t<\/div>\n\t\t\t\t<\/div>\n\t\t\t\t<div class=\"elementor-element elementor-element-7765eaf3 elementor-widget elementor-widget-text-editor\" data-id=\"7765eaf3\" data-element_type=\"widget\" data-e-type=\"widget\" data-widget_type=\"text-editor.default\">\n\t\t\t\t<div class=\"elementor-widget-container\">\n\t\t\t\t\t\t\t\t\t<section class=\"hero\"><div class=\"container hero-inner\"><div class=\"hero-image\"><ul><li>No prior knowledge required<\/li><\/ul><\/div><\/div><\/section>\t\t\t\t\t\t\t\t<\/div>\n\t\t\t\t<\/div>\n\t\t\t\t<\/div>\n\t\t\t\t\t<\/div>\n\t\t\t\t<\/div>\n\t\t<div class=\"elementor-element elementor-element-33badc75 e-flex e-con-boxed e-con e-parent\" data-id=\"33badc75\" data-element_type=\"container\" data-e-type=\"container\" data-settings=\"{&quot;background_background&quot;:&quot;classic&quot;}\">\n\t\t\t\t\t<div class=\"e-con-inner\">\n\t\t<div class=\"elementor-element elementor-element-6ed238a8 e-con-full e-flex e-con e-child\" data-id=\"6ed238a8\" data-element_type=\"container\" data-e-type=\"container\" data-settings=\"{&quot;background_background&quot;:&quot;classic&quot;}\">\n\t\t\t\t<div class=\"elementor-element elementor-element-74a887c2 elementor-widget elementor-widget-heading\" data-id=\"74a887c2\" data-element_type=\"widget\" data-e-type=\"widget\" data-widget_type=\"heading.default\">\n\t\t\t\t<div class=\"elementor-widget-container\">\n\t\t\t\t\t<h2 class=\"elementor-heading-title elementor-size-default\">Why training with Captain Langer?<\/h2>\t\t\t\t<\/div>\n\t\t\t\t<\/div>\n\t\t\t\t<div class=\"elementor-element elementor-element-8436906 elementor-widget elementor-widget-text-editor\" data-id=\"8436906\" data-element_type=\"widget\" data-e-type=\"widget\" data-widget_type=\"text-editor.default\">\n\t\t\t\t<div class=\"elementor-widget-container\">\n\t\t\t\t\t\t\t\t\t<p>Training is calm, structured, and technically sound.\nI teach not only exam content, but real nautical understanding \u2014 the kind that matters at sea.<\/p>\t\t\t\t\t\t\t\t<\/div>\n\t\t\t\t<\/div>\n\t\t<div class=\"elementor-element elementor-element-4a8f6a99 e-con-full e-flex e-con e-child\" data-id=\"4a8f6a99\" data-element_type=\"container\" data-e-type=\"container\">\n\t\t<div class=\"elementor-element elementor-element-7d2819f2 e-con-full e-flex e-con e-child\" data-id=\"7d2819f2\" data-element_type=\"container\" data-e-type=\"container\">\n\t\t\t\t<div class=\"elementor-element elementor-element-3f8b8509 elementor-widget elementor-widget-heading\" data-id=\"3f8b8509\" data-element_type=\"widget\" data-e-type=\"widget\" data-widget_type=\"heading.default\">\n\t\t\t\t<div class=\"elementor-widget-container\">\n\t\t\t\t\t<h3 class=\"elementor-heading-title elementor-size-default\">Structured Instruction<\/h3>\t\t\t\t<\/div>\n\t\t\t\t<\/div>\n\t\t\t\t<div class=\"elementor-element elementor-element-5e4f90da elementor-widget elementor-widget-text-editor\" data-id=\"5e4f90da\" data-element_type=\"widget\" data-e-type=\"widget\" data-widget_type=\"text-editor.default\">\n\t\t\t\t<div class=\"elementor-widget-container\">\n\t\t\t\t\t\t\t\t\t<p>Clear procedures, understandable content, exam\u2011oriented.<\/p>\t\t\t\t\t\t\t\t<\/div>\n\t\t\t\t<\/div>\n\t\t\t\t<\/div>\n\t\t<div class=\"elementor-element elementor-element-6b8aa179 e-con-full e-flex e-con e-child\" data-id=\"6b8aa179\" data-element_type=\"container\" data-e-type=\"container\">\n\t\t\t\t<div class=\"elementor-element elementor-element-307eaa96 elementor-widget elementor-widget-heading\" data-id=\"307eaa96\" data-element_type=\"widget\" data-e-type=\"widget\" data-widget_type=\"heading.default\">\n\t\t\t\t<div class=\"elementor-widget-container\">\n\t\t\t\t\t<h3 class=\"elementor-heading-title elementor-size-default\">Practical Focus<\/h3>\t\t\t\t<\/div>\n\t\t\t\t<\/div>\n\t\t\t\t<div class=\"elementor-element elementor-element-72c80576 elementor-widget elementor-widget-text-editor\" data-id=\"72c80576\" data-element_type=\"widget\" data-e-type=\"widget\" data-widget_type=\"text-editor.default\">\n\t\t\t\t<div class=\"elementor-widget-container\">\n\t\t\t\t\t\t\t\t\t<p>Knowledge that can be applied on board immediately.<\/p>\t\t\t\t\t\t\t\t<\/div>\n\t\t\t\t<\/div>\n\t\t\t\t<\/div>\n\t\t<div class=\"elementor-element elementor-element-595d7ba5 e-con-full e-flex e-con e-child\" data-id=\"595d7ba5\" data-element_type=\"container\" data-e-type=\"container\">\n\t\t\t\t<div class=\"elementor-element elementor-element-1881a1ad elementor-widget elementor-widget-heading\" data-id=\"1881a1ad\" data-element_type=\"widget\" data-e-type=\"widget\" data-widget_type=\"heading.default\">\n\t\t\t\t<div class=\"elementor-widget-container\">\n\t\t\t\t\t<h3 class=\"elementor-heading-title elementor-size-default\">Experience from Recreational &amp; Commercial Shipping<\/h3>\t\t\t\t<\/div>\n\t\t\t\t<\/div>\n\t\t\t\t<div class=\"elementor-element elementor-element-3de39729 elementor-widget elementor-widget-text-editor\" data-id=\"3de39729\" data-element_type=\"widget\" data-e-type=\"widget\" data-widget_type=\"text-editor.default\">\n\t\t\t\t<div class=\"elementor-widget-container\">\n\t\t\t\t\t\t\t\t\t<p>Technically sound training with real\u2011world relevance.<\/p>\t\t\t\t\t\t\t\t<\/div>\n\t\t\t\t<\/div>\n\t\t\t\t<\/div>\n\t\t<div class=\"elementor-element elementor-element-7056ffdd e-con-full e-flex e-con e-child\" data-id=\"7056ffdd\" data-element_type=\"container\" data-e-type=\"container\">\n\t\t\t\t<div class=\"elementor-element elementor-element-7b3ca098 elementor-widget elementor-widget-heading\" data-id=\"7b3ca098\" data-element_type=\"widget\" data-e-type=\"widget\" data-widget_type=\"heading.default\">\n\t\t\t\t<div class=\"elementor-widget-container\">\n\t\t\t\t\t<h3 class=\"elementor-heading-title elementor-size-default\">Calm Learning Environment<\/h3>\t\t\t\t<\/div>\n\t\t\t\t<\/div>\n\t\t\t\t<div class=\"elementor-element elementor-element-23b42eaa elementor-widget elementor-widget-text-editor\" data-id=\"23b42eaa\" data-element_type=\"widget\" data-e-type=\"widget\" data-widget_type=\"text-editor.default\">\n\t\t\t\t<div class=\"elementor-widget-container\">\n\t\t\t\t\t\t\t\t\t<p>Focused, professional, and individual.<\/p>\t\t\t\t\t\t\t\t<\/div>\n\t\t\t\t<\/div>\n\t\t\t\t<\/div>\n\t\t\t\t<\/div>\n\t\t\t\t<\/div>\n\t\t\t\t\t<\/div>\n\t\t\t\t<\/div>\n\t\t<div class=\"elementor-element elementor-element-2cdc246a e-flex e-con-boxed e-con e-parent\" data-id=\"2cdc246a\" data-element_type=\"container\" data-e-type=\"container\" data-settings=\"{&quot;background_background&quot;:&quot;classic&quot;}\">\n\t\t\t\t\t<div class=\"e-con-inner\">\n\t\t<div class=\"elementor-element elementor-element-17b29421 e-con-full e-flex e-con e-child\" data-id=\"17b29421\" data-element_type=\"container\" data-e-type=\"container\" data-settings=\"{&quot;background_background&quot;:&quot;classic&quot;}\">\n\t\t\t\t<div class=\"elementor-element elementor-element-6fda330d elementor-widget elementor-widget-heading\" data-id=\"6fda330d\" data-element_type=\"widget\" data-e-type=\"widget\" data-widget_type=\"heading.default\">\n\t\t\t\t<div class=\"elementor-widget-container\">\n\t\t\t\t\t<h2 class=\"elementor-heading-title elementor-size-default\">Contact for the Legal Foundations Module<\/h2>\t\t\t\t<\/div>\n\t\t\t\t<\/div>\n\t\t\t\t<div class=\"elementor-element elementor-element-7b74fb72 elementor-widget elementor-widget-text-editor\" data-id=\"7b74fb72\" data-element_type=\"widget\" data-e-type=\"widget\" data-widget_type=\"text-editor.default\">\n\t\t\t\t<div class=\"elementor-widget-container\">\n\t\t\t\t\t\t\t\t\t<p>F\u00fcr Fragen zum Modul oder zur Kursbuchung \u2013 ich freue mich auf Ihre Anfrage.<\/p>\t\t\t\t\t\t\t\t<\/div>\n\t\t\t\t<\/div>\n\t\t\t\t<div class=\"elementor-element elementor-element-1dde0f20 elementor-widget elementor-widget-button\" data-id=\"1dde0f20\" data-element_type=\"widget\" data-e-type=\"widget\" data-widget_type=\"button.default\">\n\t\t\t\t<div class=\"elementor-widget-container\">\n\t\t\t\t\t\t\t\t\t<div class=\"elementor-button-wrapper\">\n\t\t\t\t\t<a class=\"elementor-button elementor-button-link elementor-size-sm\" href=\"https:\/\/captainlanger.com\/en\/kontakt\/\">\n\t\t\t\t\t\t<span class=\"elementor-button-content-wrapper\">\n\t\t\t\t\t\t\t\t\t<span class=\"elementor-button-text\">Contact<\/span>\n\t\t\t\t\t<\/span>\n\t\t\t\t\t<\/a>\n\t\t\t\t<\/div>\n\t\t\t\t\t\t\t\t<\/div>\n\t\t\t\t<\/div>\n\t\t\t\t<\/div>\n\t\t\t\t\t<\/div>\n\t\t\t\t<\/div>\n\t\t\t\t<\/div>","protected":false},"excerpt":{"rendered":"<p>Rechtliche Grundlagen Rechtliche Grundlagen sind ein wesentlicher Bestandteil sicherer Schifffahrt. Dieses Modul vermittelt die relevanten Vorschriften klar, strukturiert und praxisnah \u2013 mit Fokus auf Verantwortung und Entscheidungsqualit\u00e4t. Nautisches Fachmodul: Rechtliche Grundlagen Dieses Modul gibt einen strukturierten \u00dcberblick \u00fcber die wichtigsten rechtlichen Aspekte f\u00fcr Skipper und Verantwortliche an Bord. Ziel ist ein klares Verst\u00e4ndnis der Pflichten, [&hellip;]<\/p>\n","protected":false},"author":1,"featured_media":0,"parent":2587,"menu_order":10,"comment_status":"closed","ping_status":"closed","template":"","meta":{"footnotes":""},"class_list":["post-15875","page","type-page","status-publish","hentry"],"yoast_head":"<!-- This site is optimized with the Yoast SEO plugin v27.5 - https:\/\/yoast.com\/product\/yoast-seo-wordpress\/ -->\n<title>Rechtliche Grundlagen - Captain Langer<\/title>\n<meta name=\"robots\" content=\"index, follow, max-snippet:-1, max-image-preview:large, max-video-preview:-1\" \/>\n<link rel=\"canonical\" href=\"https:\/\/captainlanger.com\/en\/weiterbildung-nautische-fachmodule-captain-langer\/rechtliche-grundlagen\/\" \/>\n<meta property=\"og:locale\" content=\"en_US\" \/>\n<meta property=\"og:type\" content=\"article\" \/>\n<meta property=\"og:title\" content=\"Rechtliche Grundlagen - Captain Langer\" \/>\n<meta property=\"og:description\" content=\"Rechtliche Grundlagen Rechtliche Grundlagen sind ein wesentlicher Bestandteil sicherer Schifffahrt. Dieses Modul vermittelt die relevanten Vorschriften klar, strukturiert und praxisnah \u2013 mit Fokus auf Verantwortung und Entscheidungsqualit\u00e4t. Nautisches Fachmodul: Rechtliche Grundlagen Dieses Modul gibt einen strukturierten \u00dcberblick \u00fcber die wichtigsten rechtlichen Aspekte f\u00fcr Skipper und Verantwortliche an Bord. Ziel ist ein klares Verst\u00e4ndnis der Pflichten, [&hellip;]\" \/>\n<meta property=\"og:url\" content=\"https:\/\/captainlanger.com\/en\/weiterbildung-nautische-fachmodule-captain-langer\/rechtliche-grundlagen\/\" \/>\n<meta property=\"og:site_name\" content=\"Captain Langer\" \/>\n<meta property=\"article:modified_time\" content=\"2026-04-29T13:59:46+00:00\" \/>\n<meta name=\"twitter:card\" content=\"summary_large_image\" \/>\n<meta name=\"twitter:label1\" content=\"Est. reading time\" \/>\n\t<meta name=\"twitter:data1\" content=\"2 minutes\" \/>\n<script type=\"application\/ld+json\" class=\"yoast-schema-graph\">{\"@context\":\"https:\\\/\\\/schema.org\",\"@graph\":[{\"@type\":\"WebPage\",\"@id\":\"https:\\\/\\\/captainlanger.com\\\/weiterbildung-nautische-fachmodule-captain-langer\\\/rechtliche-grundlagen\\\/\",\"url\":\"https:\\\/\\\/captainlanger.com\\\/weiterbildung-nautische-fachmodule-captain-langer\\\/rechtliche-grundlagen\\\/\",\"name\":\"Rechtliche Grundlagen - Captain Langer\",\"isPartOf\":{\"@id\":\"https:\\\/\\\/captainlanger.com\\\/#website\"},\"datePublished\":\"2026-04-28T15:22:00+00:00\",\"dateModified\":\"2026-04-29T13:59:46+00:00\",\"breadcrumb\":{\"@id\":\"https:\\\/\\\/captainlanger.com\\\/weiterbildung-nautische-fachmodule-captain-langer\\\/rechtliche-grundlagen\\\/#breadcrumb\"},\"inLanguage\":\"en-US\",\"potentialAction\":[{\"@type\":\"ReadAction\",\"target\":[\"https:\\\/\\\/captainlanger.com\\\/weiterbildung-nautische-fachmodule-captain-langer\\\/rechtliche-grundlagen\\\/\"]}]},{\"@type\":\"BreadcrumbList\",\"@id\":\"https:\\\/\\\/captainlanger.com\\\/weiterbildung-nautische-fachmodule-captain-langer\\\/rechtliche-grundlagen\\\/#breadcrumb\",\"itemListElement\":[{\"@type\":\"ListItem\",\"position\":1,\"name\":\"Startseite\",\"item\":\"https:\\\/\\\/captainlanger.com\\\/\"},{\"@type\":\"ListItem\",\"position\":2,\"name\":\"Weiterbildung\",\"item\":\"https:\\\/\\\/captainlanger.com\\\/weiterbildung-nautische-fachmodule-captain-langer\\\/\"},{\"@type\":\"ListItem\",\"position\":3,\"name\":\"Rechtliche Grundlagen\"}]},{\"@type\":\"WebSite\",\"@id\":\"https:\\\/\\\/captainlanger.com\\\/#website\",\"url\":\"https:\\\/\\\/captainlanger.com\\\/\",\"name\":\"CAPTAIN LANGER\",\"description\":\"Maritime Service\",\"publisher\":{\"@id\":\"https:\\\/\\\/captainlanger.com\\\/#organization\"},\"potentialAction\":[{\"@type\":\"SearchAction\",\"target\":{\"@type\":\"EntryPoint\",\"urlTemplate\":\"https:\\\/\\\/captainlanger.com\\\/?s={search_term_string}\"},\"query-input\":{\"@type\":\"PropertyValueSpecification\",\"valueRequired\":true,\"valueName\":\"search_term_string\"}}],\"inLanguage\":\"en-US\"},{\"@type\":\"Organization\",\"@id\":\"https:\\\/\\\/captainlanger.com\\\/#organization\",\"name\":\"CAPTAIN LANGER\",\"url\":\"https:\\\/\\\/captainlanger.com\\\/\",\"logo\":{\"@type\":\"ImageObject\",\"inLanguage\":\"en-US\",\"@id\":\"https:\\\/\\\/captainlanger.com\\\/#\\\/schema\\\/logo\\\/image\\\/\",\"url\":\"https:\\\/\\\/captainlanger.com\\\/wp-content\\\/uploads\\\/2024\\\/02\\\/LOGO_web.gif\",\"contentUrl\":\"https:\\\/\\\/captainlanger.com\\\/wp-content\\\/uploads\\\/2024\\\/02\\\/LOGO_web.gif\",\"width\":1443,\"height\":408,\"caption\":\"CAPTAIN LANGER\"},\"image\":{\"@id\":\"https:\\\/\\\/captainlanger.com\\\/#\\\/schema\\\/logo\\\/image\\\/\"}}]}<\/script>\n<!-- \/ Yoast SEO plugin. -->","yoast_head_json":{"title":"Rechtliche Grundlagen - Captain Langer","robots":{"index":"index","follow":"follow","max-snippet":"max-snippet:-1","max-image-preview":"max-image-preview:large","max-video-preview":"max-video-preview:-1"},"canonical":"https:\/\/captainlanger.com\/en\/weiterbildung-nautische-fachmodule-captain-langer\/rechtliche-grundlagen\/","og_locale":"en_US","og_type":"article","og_title":"Rechtliche Grundlagen - Captain Langer","og_description":"Rechtliche Grundlagen Rechtliche Grundlagen sind ein wesentlicher Bestandteil sicherer Schifffahrt. Dieses Modul vermittelt die relevanten Vorschriften klar, strukturiert und praxisnah \u2013 mit Fokus auf Verantwortung und Entscheidungsqualit\u00e4t. Nautisches Fachmodul: Rechtliche Grundlagen Dieses Modul gibt einen strukturierten \u00dcberblick \u00fcber die wichtigsten rechtlichen Aspekte f\u00fcr Skipper und Verantwortliche an Bord. Ziel ist ein klares Verst\u00e4ndnis der Pflichten, [&hellip;]","og_url":"https:\/\/captainlanger.com\/en\/weiterbildung-nautische-fachmodule-captain-langer\/rechtliche-grundlagen\/","og_site_name":"Captain Langer","article_modified_time":"2026-04-29T13:59:46+00:00","twitter_card":"summary_large_image","twitter_misc":{"Est. reading time":"2 minutes"},"schema":{"@context":"https:\/\/schema.org","@graph":[{"@type":"WebPage","@id":"https:\/\/captainlanger.com\/weiterbildung-nautische-fachmodule-captain-langer\/rechtliche-grundlagen\/","url":"https:\/\/captainlanger.com\/weiterbildung-nautische-fachmodule-captain-langer\/rechtliche-grundlagen\/","name":"Rechtliche Grundlagen - Captain Langer","isPartOf":{"@id":"https:\/\/captainlanger.com\/#website"},"datePublished":"2026-04-28T15:22:00+00:00","dateModified":"2026-04-29T13:59:46+00:00","breadcrumb":{"@id":"https:\/\/captainlanger.com\/weiterbildung-nautische-fachmodule-captain-langer\/rechtliche-grundlagen\/#breadcrumb"},"inLanguage":"en-US","potentialAction":[{"@type":"ReadAction","target":["https:\/\/captainlanger.com\/weiterbildung-nautische-fachmodule-captain-langer\/rechtliche-grundlagen\/"]}]},{"@type":"BreadcrumbList","@id":"https:\/\/captainlanger.com\/weiterbildung-nautische-fachmodule-captain-langer\/rechtliche-grundlagen\/#breadcrumb","itemListElement":[{"@type":"ListItem","position":1,"name":"Startseite","item":"https:\/\/captainlanger.com\/"},{"@type":"ListItem","position":2,"name":"Weiterbildung","item":"https:\/\/captainlanger.com\/weiterbildung-nautische-fachmodule-captain-langer\/"},{"@type":"ListItem","position":3,"name":"Rechtliche Grundlagen"}]},{"@type":"WebSite","@id":"https:\/\/captainlanger.com\/#website","url":"https:\/\/captainlanger.com\/","name":"CAPTAIN LANGER","description":"Maritime Service","publisher":{"@id":"https:\/\/captainlanger.com\/#organization"},"potentialAction":[{"@type":"SearchAction","target":{"@type":"EntryPoint","urlTemplate":"https:\/\/captainlanger.com\/?s={search_term_string}"},"query-input":{"@type":"PropertyValueSpecification","valueRequired":true,"valueName":"search_term_string"}}],"inLanguage":"en-US"},{"@type":"Organization","@id":"https:\/\/captainlanger.com\/#organization","name":"CAPTAIN LANGER","url":"https:\/\/captainlanger.com\/","logo":{"@type":"ImageObject","inLanguage":"en-US","@id":"https:\/\/captainlanger.com\/#\/schema\/logo\/image\/","url":"https:\/\/captainlanger.com\/wp-content\/uploads\/2024\/02\/LOGO_web.gif","contentUrl":"https:\/\/captainlanger.com\/wp-content\/uploads\/2024\/02\/LOGO_web.gif","width":1443,"height":408,"caption":"CAPTAIN LANGER"},"image":{"@id":"https:\/\/captainlanger.com\/#\/schema\/logo\/image\/"}}]}},"_links":{"self":[{"href":"https:\/\/captainlanger.com\/en\/wp-json\/wp\/v2\/pages\/15875","targetHints":{"allow":["GET"]}}],"collection":[{"href":"https:\/\/captainlanger.com\/en\/wp-json\/wp\/v2\/pages"}],"about":[{"href":"https:\/\/captainlanger.com\/en\/wp-json\/wp\/v2\/types\/page"}],"author":[{"embeddable":true,"href":"https:\/\/captainlanger.com\/en\/wp-json\/wp\/v2\/users\/1"}],"replies":[{"embeddable":true,"href":"https:\/\/captainlanger.com\/en\/wp-json\/wp\/v2\/comments?post=15875"}],"version-history":[{"count":13,"href":"https:\/\/captainlanger.com\/en\/wp-json\/wp\/v2\/pages\/15875\/revisions"}],"predecessor-version":[{"id":16149,"href":"https:\/\/captainlanger.com\/en\/wp-json\/wp\/v2\/pages\/15875\/revisions\/16149"}],"up":[{"embeddable":true,"href":"https:\/\/captainlanger.com\/en\/wp-json\/wp\/v2\/pages\/2587"}],"wp:attachment":[{"href":"https:\/\/captainlanger.com\/en\/wp-json\/wp\/v2\/media?parent=15875"}],"curies":[{"name":"wp","href":"https:\/\/api.w.org\/{rel}","templated":true}]}}