{"id":1592,"date":"2024-06-04T06:53:07","date_gmt":"2024-06-04T04:53:07","guid":{"rendered":"https:\/\/captainlanger.com\/?page_id=1592"},"modified":"2025-08-31T08:37:32","modified_gmt":"2025-08-31T06:37:32","slug":"bunker-survey","status":"publish","type":"page","link":"https:\/\/captainlanger.com\/en\/berufsschifffahrt\/bunker-survey\/","title":{"rendered":"Bunker Survey"},"content":{"rendered":"<div data-elementor-type=\"wp-page\" data-elementor-id=\"1592\" class=\"elementor elementor-1592\" data-elementor-post-type=\"page\">\n\t\t\t\t<div class=\"elementor-element elementor-element-c83b2c3 e-con-full e-flex e-con e-parent\" data-id=\"c83b2c3\" data-element_type=\"container\" data-e-type=\"container\">\n\t\t\t\t<div class=\"elementor-element elementor-element-c234769 elementor--h-position-center elementor--v-position-middle elementor-widget elementor-widget-slides\" data-id=\"c234769\" data-element_type=\"widget\" data-e-type=\"widget\" data-settings=\"{&quot;navigation&quot;:&quot;none&quot;,&quot;autoplay&quot;:&quot;yes&quot;,&quot;pause_on_hover&quot;:&quot;yes&quot;,&quot;pause_on_interaction&quot;:&quot;yes&quot;,&quot;autoplay_speed&quot;:5000,&quot;infinite&quot;:&quot;yes&quot;,&quot;transition&quot;:&quot;slide&quot;,&quot;transition_speed&quot;:500}\" data-widget_type=\"slides.default\">\n\t\t\t\t<div class=\"elementor-widget-container\">\n\t\t\t\t\t\t\t\t\t<div class=\"elementor-swiper\">\n\t\t\t\t\t<div class=\"elementor-slides-wrapper elementor-main-swiper swiper\" role=\"region\" aria-roledescription=\"carousel\" aria-label=\"Bunker Survey\" dir=\"ltr\" data-animation=\"fadeInUp\">\n\t\t\t\t<div class=\"swiper-wrapper elementor-slides\">\n\t\t\t\t\t\t\t\t\t\t<div class=\"elementor-repeater-item-93c43d9 swiper-slide\" role=\"group\" aria-roledescription=\"slide\"><div class=\"swiper-slide-bg elementor-ken-burns elementor-ken-burns--in\" role=\"img\" aria-label=\"bunker\"><\/div><div class=\"elementor-background-overlay\"><\/div><div class=\"swiper-slide-inner\" ><div class=\"swiper-slide-contents\"><div class=\"elementor-slide-heading\">Bunker Survey<\/div><div class=\"elementor-slide-description\">Bunkers are expensive, so an accurate determination of bunker stocks is important.<\/div><a href=\"mailto:info@captainlanger.com?subject=Bunker%20Survey\" class=\"elementor-button elementor-slide-button elementor-size-sm\">Contact<\/a><\/div><\/div><\/div>\t\t\t\t<\/div>\n\t\t\t\t\t\t\t<\/div>\n\t\t\t\t<\/div>\n\t\t\t\t\t\t\t\t<\/div>\n\t\t\t\t<\/div>\n\t\t\t\t<\/div>\n\t\t<div class=\"elementor-element elementor-element-cce4566 e-flex e-con-boxed e-con e-parent\" data-id=\"cce4566\" data-element_type=\"container\" data-e-type=\"container\">\n\t\t\t\t\t<div class=\"e-con-inner\">\n\t\t\t\t<div class=\"elementor-element elementor-element-cc39f80 elementor-widget elementor-widget-spacer\" data-id=\"cc39f80\" data-element_type=\"widget\" data-e-type=\"widget\" data-widget_type=\"spacer.default\">\n\t\t\t\t<div class=\"elementor-widget-container\">\n\t\t\t\t\t\t\t<div class=\"elementor-spacer\">\n\t\t\t<div class=\"elementor-spacer-inner\"><\/div>\n\t\t<\/div>\n\t\t\t\t\t\t<\/div>\n\t\t\t\t<\/div>\n\t\t\t\t\t<\/div>\n\t\t\t\t<\/div>\n\t\t<div class=\"elementor-element elementor-element-366e0dd e-flex e-con-boxed e-con e-parent\" data-id=\"366e0dd\" data-element_type=\"container\" data-e-type=\"container\">\n\t\t\t\t\t<div class=\"e-con-inner\">\n\t\t\t\t<div class=\"elementor-element elementor-element-36f6f83 elementor-widget elementor-widget-heading\" data-id=\"36f6f83\" data-element_type=\"widget\" data-e-type=\"widget\" data-widget_type=\"heading.default\">\n\t\t\t\t<div class=\"elementor-widget-container\">\n\t\t\t\t\t<h1 class=\"elementor-heading-title elementor-size-default\">Bunker Survey<\/h1>\t\t\t\t<\/div>\n\t\t\t\t<\/div>\n\t\t\t\t\t<\/div>\n\t\t\t\t<\/div>\n\t\t<div class=\"elementor-element elementor-element-4a9775a e-flex e-con-boxed e-con e-parent\" data-id=\"4a9775a\" data-element_type=\"container\" data-e-type=\"container\">\n\t\t\t\t\t<div class=\"e-con-inner\">\n\t\t\t\t<div class=\"elementor-element elementor-element-8b665eb elementor-widget elementor-widget-text-editor\" data-id=\"8b665eb\" data-element_type=\"widget\" data-e-type=\"widget\" data-widget_type=\"text-editor.default\">\n\t\t\t\t<div class=\"elementor-widget-container\">\n\t\t\t\t\t\t\t\t\t<p>Bunker Survey, also known as Bunker Delivery Survey, Bunker Quantity Survey (BQS) or Bunker Stem Survey, is a crucial component in preventing bunker delivery losses.<\/p><p>Bunker surveyors are primarily concerned with independently verifying and determining the quantity delivered by a barge and the quantity received by the vessel. These two quantities should be within an acceptable tolerance (normally 0.5% of the quantity received). If this is not the case, the surveyor must determine the cause of the discrepancy.<\/p>\t\t\t\t\t\t\t\t<\/div>\n\t\t\t\t<\/div>\n\t\t\t\t\t<\/div>\n\t\t\t\t<\/div>\n\t\t<div class=\"elementor-element elementor-element-7587253 e-flex e-con-boxed e-con e-parent\" data-id=\"7587253\" data-element_type=\"container\" data-e-type=\"container\">\n\t\t\t\t\t<div class=\"e-con-inner\">\n\t\t\t\t<div class=\"elementor-element elementor-element-363e3b4 elementor-widget elementor-widget-spacer\" data-id=\"363e3b4\" data-element_type=\"widget\" data-e-type=\"widget\" data-widget_type=\"spacer.default\">\n\t\t\t\t<div class=\"elementor-widget-container\">\n\t\t\t\t\t\t\t<div class=\"elementor-spacer\">\n\t\t\t<div class=\"elementor-spacer-inner\"><\/div>\n\t\t<\/div>\n\t\t\t\t\t\t<\/div>\n\t\t\t\t<\/div>\n\t\t\t\t\t<\/div>\n\t\t\t\t<\/div>\n\t\t<div class=\"elementor-element elementor-element-78cfbb42 e-flex e-con-boxed e-con e-parent\" data-id=\"78cfbb42\" data-element_type=\"container\" data-e-type=\"container\">\n\t\t\t\t\t<div class=\"e-con-inner\">\n\t\t\t\t<div class=\"elementor-element elementor-element-22066d84 elementor-widget elementor-widget-heading\" data-id=\"22066d84\" data-element_type=\"widget\" data-e-type=\"widget\" data-widget_type=\"heading.default\">\n\t\t\t\t<div class=\"elementor-widget-container\">\n\t\t\t\t\t<h1 class=\"elementor-heading-title elementor-size-default\">What we can do for you...<\/h1>\t\t\t\t<\/div>\n\t\t\t\t<\/div>\n\t\t\t\t\t<\/div>\n\t\t\t\t<\/div>\n\t\t<div class=\"elementor-element elementor-element-d120fcd e-flex e-con-boxed e-con e-parent\" data-id=\"d120fcd\" data-element_type=\"container\" data-e-type=\"container\">\n\t\t\t\t\t<div class=\"e-con-inner\">\n\t\t\t\t<div class=\"elementor-element elementor-element-96c3c04 elementor-widget elementor-widget-spacer\" data-id=\"96c3c04\" data-element_type=\"widget\" data-e-type=\"widget\" data-widget_type=\"spacer.default\">\n\t\t\t\t<div class=\"elementor-widget-container\">\n\t\t\t\t\t\t\t<div class=\"elementor-spacer\">\n\t\t\t<div class=\"elementor-spacer-inner\"><\/div>\n\t\t<\/div>\n\t\t\t\t\t\t<\/div>\n\t\t\t\t<\/div>\n\t\t\t\t\t<\/div>\n\t\t\t\t<\/div>\n\t\t<div class=\"elementor-element elementor-element-e151c06 e-flex e-con-boxed e-con e-parent\" data-id=\"e151c06\" data-element_type=\"container\" data-e-type=\"container\">\n\t\t\t\t\t<div class=\"e-con-inner\">\n\t\t\t\t<div class=\"elementor-element elementor-element-0986f29 elementor-view-default elementor-widget elementor-widget-icon\" data-id=\"0986f29\" data-element_type=\"widget\" data-e-type=\"widget\" data-widget_type=\"icon.default\">\n\t\t\t\t<div class=\"elementor-widget-container\">\n\t\t\t\t\t\t\t<div class=\"elementor-icon-wrapper\">\n\t\t\t<div class=\"elementor-icon\">\n\t\t\t<i aria-hidden=\"true\" class=\"icon icon-engineer\"><\/i>\t\t\t<\/div>\n\t\t<\/div>\n\t\t\t\t\t\t<\/div>\n\t\t\t\t<\/div>\n\t\t\t\t\t<\/div>\n\t\t\t\t<\/div>\n\t\t<div class=\"elementor-element elementor-element-d5e8a32 e-flex e-con-boxed e-con e-parent\" data-id=\"d5e8a32\" data-element_type=\"container\" data-e-type=\"container\">\n\t\t\t\t\t<div class=\"e-con-inner\">\n\t\t\t\t<div class=\"elementor-element elementor-element-5fc1999 elementor-icon-list--layout-traditional elementor-list-item-link-full_width elementor-widget elementor-widget-icon-list\" data-id=\"5fc1999\" data-element_type=\"widget\" data-e-type=\"widget\" data-widget_type=\"icon-list.default\">\n\t\t\t\t<div class=\"elementor-widget-container\">\n\t\t\t\t\t\t\t<ul class=\"elementor-icon-list-items\">\n\t\t\t\t\t\t\t<li class=\"elementor-icon-list-item\">\n\t\t\t\t\t\t\t\t\t\t\t<span class=\"elementor-icon-list-icon\">\n\t\t\t\t\t\t\t<i aria-hidden=\"true\" class=\"fas fa-check\"><\/i>\t\t\t\t\t\t<\/span>\n\t\t\t\t\t\t\t\t\t\t<span class=\"elementor-icon-list-text\">Complete sounding of all ship tanks and documentation of the actual initial bunker stocks on board the ship.<\/span>\n\t\t\t\t\t\t\t\t\t<\/li>\n\t\t\t\t\t\t\t\t<li class=\"elementor-icon-list-item\">\n\t\t\t\t\t\t\t\t\t\t\t<span class=\"elementor-icon-list-icon\">\n\t\t\t\t\t\t\t<i aria-hidden=\"true\" class=\"fas fa-check\"><\/i>\t\t\t\t\t\t<\/span>\n\t\t\t\t\t\t\t\t\t\t<span class=\"elementor-icon-list-text\">Comparison of the actual bunker stocks with those reported by the vessel. If a discrepancy occurs, a new sounding is required.<\/span>\n\t\t\t\t\t\t\t\t\t<\/li>\n\t\t\t\t\t\t\t\t<li class=\"elementor-icon-list-item\">\n\t\t\t\t\t\t\t\t\t\t\t<span class=\"elementor-icon-list-icon\">\n\t\t\t\t\t\t\t<i aria-hidden=\"true\" class=\"fas fa-check\"><\/i>\t\t\t\t\t\t<\/span>\n\t\t\t\t\t\t\t\t\t\t<span class=\"elementor-icon-list-text\">Complete sounding of all tanks of the bunker barge and documentation of the actual bunker stocks on the bunker barge.<\/span>\n\t\t\t\t\t\t\t\t\t<\/li>\n\t\t\t\t\t\t\t\t<li class=\"elementor-icon-list-item\">\n\t\t\t\t\t\t\t\t\t\t\t<span class=\"elementor-icon-list-icon\">\n\t\t\t\t\t\t\t<i aria-hidden=\"true\" class=\"fas fa-check\"><\/i>\t\t\t\t\t\t<\/span>\n\t\t\t\t\t\t\t\t\t\t<span class=\"elementor-icon-list-text\">Ensure that the bunker drop sample can be drawn properly.<\/span>\n\t\t\t\t\t\t\t\t\t<\/li>\n\t\t\t\t\t\t\t\t<li class=\"elementor-icon-list-item\">\n\t\t\t\t\t\t\t\t\t\t\t<span class=\"elementor-icon-list-icon\">\n\t\t\t\t\t\t\t<i aria-hidden=\"true\" class=\"fas fa-check\"><\/i>\t\t\t\t\t\t<\/span>\n\t\t\t\t\t\t\t\t\t\t<span class=\"elementor-icon-list-text\">Review of standard bunker transfer safety procedures.<\/span>\n\t\t\t\t\t\t\t\t\t<\/li>\n\t\t\t\t\t\t\t\t<li class=\"elementor-icon-list-item\">\n\t\t\t\t\t\t\t\t\t\t\t<span class=\"elementor-icon-list-icon\">\n\t\t\t\t\t\t\t<i aria-hidden=\"true\" class=\"fas fa-check\"><\/i>\t\t\t\t\t\t<\/span>\n\t\t\t\t\t\t\t\t\t\t<span class=\"elementor-icon-list-text\">Continuously monitor the bunkering process for signs of cappuccino bunkering or trapped air.<\/span>\n\t\t\t\t\t\t\t\t\t<\/li>\n\t\t\t\t\t\t\t\t<li class=\"elementor-icon-list-item\">\n\t\t\t\t\t\t\t\t\t\t\t<span class=\"elementor-icon-list-icon\">\n\t\t\t\t\t\t\t<i aria-hidden=\"true\" class=\"fas fa-check\"><\/i>\t\t\t\t\t\t<\/span>\n\t\t\t\t\t\t\t\t\t\t<span class=\"elementor-icon-list-text\">Vollst\u00e4ndiges Peilen aller Tanks der Bunker-Barge und Dokumentation der tats\u00e4chlichen Endbest\u00e4nde auf der Bunker-Barge.<\/span>\n\t\t\t\t\t\t\t\t\t<\/li>\n\t\t\t\t\t\t\t\t<li class=\"elementor-icon-list-item\">\n\t\t\t\t\t\t\t\t\t\t\t<span class=\"elementor-icon-list-icon\">\n\t\t\t\t\t\t\t<i aria-hidden=\"true\" class=\"fas fa-check\"><\/i>\t\t\t\t\t\t<\/span>\n\t\t\t\t\t\t\t\t\t\t<span class=\"elementor-icon-list-text\">Complete sounding of all ship tanks and documentation of the actual final stocks on board the ship.<\/span>\n\t\t\t\t\t\t\t\t\t<\/li>\n\t\t\t\t\t\t\t\t<li class=\"elementor-icon-list-item\">\n\t\t\t\t\t\t\t\t\t\t\t<span class=\"elementor-icon-list-icon\">\n\t\t\t\t\t\t\t<i aria-hidden=\"true\" class=\"fas fa-check\"><\/i>\t\t\t\t\t\t<\/span>\n\t\t\t\t\t\t\t\t\t\t<span class=\"elementor-icon-list-text\">Comparison of the delivered and received amount of bunker.<\/span>\n\t\t\t\t\t\t\t\t\t<\/li>\n\t\t\t\t\t\t\t\t<li class=\"elementor-icon-list-item\">\n\t\t\t\t\t\t\t\t\t\t\t<span class=\"elementor-icon-list-icon\">\n\t\t\t\t\t\t\t<i aria-hidden=\"true\" class=\"fas fa-check\"><\/i>\t\t\t\t\t\t<\/span>\n\t\t\t\t\t\t\t\t\t\t<span class=\"elementor-icon-list-text\">Sealing and labeling the bunker samples.<\/span>\n\t\t\t\t\t\t\t\t\t<\/li>\n\t\t\t\t\t\t<\/ul>\n\t\t\t\t\t\t<\/div>\n\t\t\t\t<\/div>\n\t\t\t\t\t<\/div>\n\t\t\t\t<\/div>\n\t\t<div class=\"elementor-element elementor-element-f47ae91 e-flex e-con-boxed e-con e-parent\" data-id=\"f47ae91\" data-element_type=\"container\" data-e-type=\"container\">\n\t\t\t\t\t<div class=\"e-con-inner\">\n\t\t\t\t<div class=\"elementor-element elementor-element-1580136 elementor-widget elementor-widget-spacer\" data-id=\"1580136\" data-element_type=\"widget\" data-e-type=\"widget\" data-widget_type=\"spacer.default\">\n\t\t\t\t<div class=\"elementor-widget-container\">\n\t\t\t\t\t\t\t<div class=\"elementor-spacer\">\n\t\t\t<div class=\"elementor-spacer-inner\"><\/div>\n\t\t<\/div>\n\t\t\t\t\t\t<\/div>\n\t\t\t\t<\/div>\n\t\t\t\t\t<\/div>\n\t\t\t\t<\/div>\n\t\t\t\t<\/div>","protected":false},"excerpt":{"rendered":"<p>Bunker SurveyBunker ist teuer, daher ist eine genaue Bestimmung der Bunkerbest\u00e4nde wichtig.Kontakt Bunker Survey Bunker Survey, auch bekannt als Bunker Delivery Survey, Bunker Quantity Survey (BQS) oder Bunker Stem Survey, ist ein entscheidender Bestandteil bei der Vermeidung von Verlusten bei der Bunkerlieferung. Bunkersachverst\u00e4ndige besch\u00e4ftigen sich haupts\u00e4chlich damit, die von einer Barge gelieferte Menge und die [&hellip;]<\/p>\n","protected":false},"author":1,"featured_media":0,"parent":2491,"menu_order":2,"comment_status":"closed","ping_status":"closed","template":"","meta":{"footnotes":""},"class_list":["post-1592","page","type-page","status-publish","hentry"],"yoast_head":"<!-- This site is optimized with the Yoast SEO plugin v27.4 - https:\/\/yoast.com\/product\/yoast-seo-wordpress\/ -->\n<title>Bunker Survey - Captain Langer<\/title>\n<meta name=\"robots\" content=\"index, follow, max-snippet:-1, max-image-preview:large, max-video-preview:-1\" \/>\n<link rel=\"canonical\" href=\"https:\/\/captainlanger.com\/en\/berufsschifffahrt\/bunker-survey\/\" \/>\n<meta property=\"og:locale\" content=\"en_US\" \/>\n<meta property=\"og:type\" content=\"article\" \/>\n<meta property=\"og:title\" content=\"Bunker Survey - Captain Langer\" \/>\n<meta property=\"og:description\" content=\"Bunker SurveyBunker ist teuer, daher ist eine genaue Bestimmung der Bunkerbest\u00e4nde wichtig.Kontakt Bunker Survey Bunker Survey, auch bekannt als Bunker Delivery Survey, Bunker Quantity Survey (BQS) oder Bunker Stem Survey, ist ein entscheidender Bestandteil bei der Vermeidung von Verlusten bei der Bunkerlieferung. Bunkersachverst\u00e4ndige besch\u00e4ftigen sich haupts\u00e4chlich damit, die von einer Barge gelieferte Menge und die [&hellip;]\" \/>\n<meta property=\"og:url\" content=\"https:\/\/captainlanger.com\/en\/berufsschifffahrt\/bunker-survey\/\" \/>\n<meta property=\"og:site_name\" content=\"Captain Langer\" \/>\n<meta property=\"article:modified_time\" content=\"2025-08-31T06:37:32+00:00\" \/>\n<meta name=\"twitter:card\" content=\"summary_large_image\" \/>\n<meta name=\"twitter:label1\" content=\"Est. reading time\" \/>\n\t<meta name=\"twitter:data1\" content=\"2 minutes\" \/>\n<script type=\"application\/ld+json\" class=\"yoast-schema-graph\">{\"@context\":\"https:\\\/\\\/schema.org\",\"@graph\":[{\"@type\":\"WebPage\",\"@id\":\"https:\\\/\\\/captainlanger.com\\\/berufsschifffahrt\\\/bunker-survey\\\/\",\"url\":\"https:\\\/\\\/captainlanger.com\\\/berufsschifffahrt\\\/bunker-survey\\\/\",\"name\":\"Bunker Survey - Captain Langer\",\"isPartOf\":{\"@id\":\"https:\\\/\\\/captainlanger.com\\\/#website\"},\"datePublished\":\"2024-06-04T04:53:07+00:00\",\"dateModified\":\"2025-08-31T06:37:32+00:00\",\"breadcrumb\":{\"@id\":\"https:\\\/\\\/captainlanger.com\\\/berufsschifffahrt\\\/bunker-survey\\\/#breadcrumb\"},\"inLanguage\":\"en-US\",\"potentialAction\":[{\"@type\":\"ReadAction\",\"target\":[\"https:\\\/\\\/captainlanger.com\\\/berufsschifffahrt\\\/bunker-survey\\\/\"]}]},{\"@type\":\"BreadcrumbList\",\"@id\":\"https:\\\/\\\/captainlanger.com\\\/berufsschifffahrt\\\/bunker-survey\\\/#breadcrumb\",\"itemListElement\":[{\"@type\":\"ListItem\",\"position\":1,\"name\":\"Startseite\",\"item\":\"https:\\\/\\\/captainlanger.com\\\/\"},{\"@type\":\"ListItem\",\"position\":2,\"name\":\"Berufsschifffahrt\",\"item\":\"https:\\\/\\\/captainlanger.com\\\/berufsschifffahrt\\\/\"},{\"@type\":\"ListItem\",\"position\":3,\"name\":\"Bunker Survey\"}]},{\"@type\":\"WebSite\",\"@id\":\"https:\\\/\\\/captainlanger.com\\\/#website\",\"url\":\"https:\\\/\\\/captainlanger.com\\\/\",\"name\":\"CAPTAIN LANGER\",\"description\":\"Maritime Service\",\"publisher\":{\"@id\":\"https:\\\/\\\/captainlanger.com\\\/#organization\"},\"potentialAction\":[{\"@type\":\"SearchAction\",\"target\":{\"@type\":\"EntryPoint\",\"urlTemplate\":\"https:\\\/\\\/captainlanger.com\\\/?s={search_term_string}\"},\"query-input\":{\"@type\":\"PropertyValueSpecification\",\"valueRequired\":true,\"valueName\":\"search_term_string\"}}],\"inLanguage\":\"en-US\"},{\"@type\":\"Organization\",\"@id\":\"https:\\\/\\\/captainlanger.com\\\/#organization\",\"name\":\"CAPTAIN LANGER\",\"url\":\"https:\\\/\\\/captainlanger.com\\\/\",\"logo\":{\"@type\":\"ImageObject\",\"inLanguage\":\"en-US\",\"@id\":\"https:\\\/\\\/captainlanger.com\\\/#\\\/schema\\\/logo\\\/image\\\/\",\"url\":\"https:\\\/\\\/captainlanger.com\\\/wp-content\\\/uploads\\\/2024\\\/02\\\/LOGO_web.gif\",\"contentUrl\":\"https:\\\/\\\/captainlanger.com\\\/wp-content\\\/uploads\\\/2024\\\/02\\\/LOGO_web.gif\",\"width\":1443,\"height\":408,\"caption\":\"CAPTAIN LANGER\"},\"image\":{\"@id\":\"https:\\\/\\\/captainlanger.com\\\/#\\\/schema\\\/logo\\\/image\\\/\"}}]}<\/script>\n<!-- \/ Yoast SEO plugin. -->","yoast_head_json":{"title":"Bunker Survey - Captain Langer","robots":{"index":"index","follow":"follow","max-snippet":"max-snippet:-1","max-image-preview":"max-image-preview:large","max-video-preview":"max-video-preview:-1"},"canonical":"https:\/\/captainlanger.com\/en\/berufsschifffahrt\/bunker-survey\/","og_locale":"en_US","og_type":"article","og_title":"Bunker Survey - Captain Langer","og_description":"Bunker SurveyBunker ist teuer, daher ist eine genaue Bestimmung der Bunkerbest\u00e4nde wichtig.Kontakt Bunker Survey Bunker Survey, auch bekannt als Bunker Delivery Survey, Bunker Quantity Survey (BQS) oder Bunker Stem Survey, ist ein entscheidender Bestandteil bei der Vermeidung von Verlusten bei der Bunkerlieferung. Bunkersachverst\u00e4ndige besch\u00e4ftigen sich haupts\u00e4chlich damit, die von einer Barge gelieferte Menge und die [&hellip;]","og_url":"https:\/\/captainlanger.com\/en\/berufsschifffahrt\/bunker-survey\/","og_site_name":"Captain Langer","article_modified_time":"2025-08-31T06:37:32+00:00","twitter_card":"summary_large_image","twitter_misc":{"Est. reading time":"2 minutes"},"schema":{"@context":"https:\/\/schema.org","@graph":[{"@type":"WebPage","@id":"https:\/\/captainlanger.com\/berufsschifffahrt\/bunker-survey\/","url":"https:\/\/captainlanger.com\/berufsschifffahrt\/bunker-survey\/","name":"Bunker Survey - Captain Langer","isPartOf":{"@id":"https:\/\/captainlanger.com\/#website"},"datePublished":"2024-06-04T04:53:07+00:00","dateModified":"2025-08-31T06:37:32+00:00","breadcrumb":{"@id":"https:\/\/captainlanger.com\/berufsschifffahrt\/bunker-survey\/#breadcrumb"},"inLanguage":"en-US","potentialAction":[{"@type":"ReadAction","target":["https:\/\/captainlanger.com\/berufsschifffahrt\/bunker-survey\/"]}]},{"@type":"BreadcrumbList","@id":"https:\/\/captainlanger.com\/berufsschifffahrt\/bunker-survey\/#breadcrumb","itemListElement":[{"@type":"ListItem","position":1,"name":"Startseite","item":"https:\/\/captainlanger.com\/"},{"@type":"ListItem","position":2,"name":"Berufsschifffahrt","item":"https:\/\/captainlanger.com\/berufsschifffahrt\/"},{"@type":"ListItem","position":3,"name":"Bunker Survey"}]},{"@type":"WebSite","@id":"https:\/\/captainlanger.com\/#website","url":"https:\/\/captainlanger.com\/","name":"CAPTAIN LANGER","description":"Maritime Service","publisher":{"@id":"https:\/\/captainlanger.com\/#organization"},"potentialAction":[{"@type":"SearchAction","target":{"@type":"EntryPoint","urlTemplate":"https:\/\/captainlanger.com\/?s={search_term_string}"},"query-input":{"@type":"PropertyValueSpecification","valueRequired":true,"valueName":"search_term_string"}}],"inLanguage":"en-US"},{"@type":"Organization","@id":"https:\/\/captainlanger.com\/#organization","name":"CAPTAIN LANGER","url":"https:\/\/captainlanger.com\/","logo":{"@type":"ImageObject","inLanguage":"en-US","@id":"https:\/\/captainlanger.com\/#\/schema\/logo\/image\/","url":"https:\/\/captainlanger.com\/wp-content\/uploads\/2024\/02\/LOGO_web.gif","contentUrl":"https:\/\/captainlanger.com\/wp-content\/uploads\/2024\/02\/LOGO_web.gif","width":1443,"height":408,"caption":"CAPTAIN LANGER"},"image":{"@id":"https:\/\/captainlanger.com\/#\/schema\/logo\/image\/"}}]}},"_links":{"self":[{"href":"https:\/\/captainlanger.com\/en\/wp-json\/wp\/v2\/pages\/1592","targetHints":{"allow":["GET"]}}],"collection":[{"href":"https:\/\/captainlanger.com\/en\/wp-json\/wp\/v2\/pages"}],"about":[{"href":"https:\/\/captainlanger.com\/en\/wp-json\/wp\/v2\/types\/page"}],"author":[{"embeddable":true,"href":"https:\/\/captainlanger.com\/en\/wp-json\/wp\/v2\/users\/1"}],"replies":[{"embeddable":true,"href":"https:\/\/captainlanger.com\/en\/wp-json\/wp\/v2\/comments?post=1592"}],"version-history":[{"count":6,"href":"https:\/\/captainlanger.com\/en\/wp-json\/wp\/v2\/pages\/1592\/revisions"}],"predecessor-version":[{"id":3159,"href":"https:\/\/captainlanger.com\/en\/wp-json\/wp\/v2\/pages\/1592\/revisions\/3159"}],"up":[{"embeddable":true,"href":"https:\/\/captainlanger.com\/en\/wp-json\/wp\/v2\/pages\/2491"}],"wp:attachment":[{"href":"https:\/\/captainlanger.com\/en\/wp-json\/wp\/v2\/media?parent=1592"}],"curies":[{"name":"wp","href":"https:\/\/api.w.org\/{rel}","templated":true}]}}