{"id":1656,"date":"2024-06-04T13:53:20","date_gmt":"2024-06-04T11:53:20","guid":{"rendered":"https:\/\/captainlanger.com\/?page_id=1656"},"modified":"2025-08-31T08:37:12","modified_gmt":"2025-08-31T06:37:12","slug":"cargo-damage-survey","status":"publish","type":"page","link":"https:\/\/captainlanger.com\/en\/berufsschifffahrt\/cargo-damage-survey\/","title":{"rendered":"Cargo Damage Survey"},"content":{"rendered":"<div data-elementor-type=\"wp-page\" data-elementor-id=\"1656\" class=\"elementor elementor-1656\" data-elementor-post-type=\"page\">\n\t\t\t\t<div class=\"elementor-element elementor-element-fe80e42 e-con-full e-flex e-con e-parent\" data-id=\"fe80e42\" data-element_type=\"container\" data-e-type=\"container\">\n\t\t\t\t<div class=\"elementor-element elementor-element-9635c2e elementor--h-position-center elementor--v-position-middle elementor-widget elementor-widget-slides\" data-id=\"9635c2e\" data-element_type=\"widget\" data-e-type=\"widget\" data-settings=\"{&quot;navigation&quot;:&quot;none&quot;,&quot;autoplay&quot;:&quot;yes&quot;,&quot;pause_on_hover&quot;:&quot;yes&quot;,&quot;pause_on_interaction&quot;:&quot;yes&quot;,&quot;autoplay_speed&quot;:5000,&quot;infinite&quot;:&quot;yes&quot;,&quot;transition&quot;:&quot;slide&quot;,&quot;transition_speed&quot;:500}\" data-widget_type=\"slides.default\">\n\t\t\t\t<div class=\"elementor-widget-container\">\n\t\t\t\t\t\t\t\t\t<div class=\"elementor-swiper\">\n\t\t\t\t\t<div class=\"elementor-slides-wrapper elementor-main-swiper swiper\" role=\"region\" aria-roledescription=\"carousel\" aria-label=\"Cargo Damage Survey\" dir=\"ltr\" data-animation=\"fadeInUp\">\n\t\t\t\t<div class=\"swiper-wrapper elementor-slides\">\n\t\t\t\t\t\t\t\t\t\t<div class=\"elementor-repeater-item-93c43d9 swiper-slide\" role=\"group\" aria-roledescription=\"slide\"><div class=\"swiper-slide-bg elementor-ken-burns elementor-ken-burns--in\" role=\"img\" aria-label=\"Cargo_damage\"><\/div><div class=\"elementor-background-overlay\"><\/div><div class=\"swiper-slide-inner\" ><div class=\"swiper-slide-contents\"><div class=\"elementor-slide-heading\">Cargo Damage Survey<\/div><div class=\"elementor-slide-description\">Every asset has its challenges, which must be taken into account in order to prevent damage.<\/div><a href=\"mailto:info@captainlanger.com?subject=Cargo%20Damage%20Survey\" class=\"elementor-button elementor-slide-button elementor-size-sm\">Contact<\/a><\/div><\/div><\/div>\t\t\t\t<\/div>\n\t\t\t\t\t\t\t<\/div>\n\t\t\t\t<\/div>\n\t\t\t\t\t\t\t\t<\/div>\n\t\t\t\t<\/div>\n\t\t\t\t<\/div>\n\t\t<div class=\"elementor-element elementor-element-436426c e-flex e-con-boxed e-con e-parent\" data-id=\"436426c\" data-element_type=\"container\" data-e-type=\"container\">\n\t\t\t\t\t<div class=\"e-con-inner\">\n\t\t\t\t<div class=\"elementor-element elementor-element-55839e9 elementor-widget elementor-widget-spacer\" data-id=\"55839e9\" data-element_type=\"widget\" data-e-type=\"widget\" data-widget_type=\"spacer.default\">\n\t\t\t\t<div class=\"elementor-widget-container\">\n\t\t\t\t\t\t\t<div class=\"elementor-spacer\">\n\t\t\t<div class=\"elementor-spacer-inner\"><\/div>\n\t\t<\/div>\n\t\t\t\t\t\t<\/div>\n\t\t\t\t<\/div>\n\t\t\t\t\t<\/div>\n\t\t\t\t<\/div>\n\t\t<div class=\"elementor-element elementor-element-627dae1 e-flex e-con-boxed e-con e-parent\" data-id=\"627dae1\" data-element_type=\"container\" data-e-type=\"container\">\n\t\t\t\t\t<div class=\"e-con-inner\">\n\t\t\t\t<div class=\"elementor-element elementor-element-0167ccc elementor-widget elementor-widget-heading\" data-id=\"0167ccc\" data-element_type=\"widget\" data-e-type=\"widget\" data-widget_type=\"heading.default\">\n\t\t\t\t<div class=\"elementor-widget-container\">\n\t\t\t\t\t<h1 class=\"elementor-heading-title elementor-size-default\">Cargo Damage Survey<\/h1>\t\t\t\t<\/div>\n\t\t\t\t<\/div>\n\t\t\t\t\t<\/div>\n\t\t\t\t<\/div>\n\t\t<div class=\"elementor-element elementor-element-043b285 e-flex e-con-boxed e-con e-parent\" data-id=\"043b285\" data-element_type=\"container\" data-e-type=\"container\">\n\t\t\t\t\t<div class=\"e-con-inner\">\n\t\t\t\t<div class=\"elementor-element elementor-element-2604200 elementor-widget elementor-widget-text-editor\" data-id=\"2604200\" data-element_type=\"widget\" data-e-type=\"widget\" data-widget_type=\"text-editor.default\">\n\t\t\t\t<div class=\"elementor-widget-container\">\n\t\t\t\t\t\t\t\t\t<p>Cargo damage can occur during the sea voyage or during port operations. Whenever your cargo is affected, we can be on site on behalf of all parties involved to investigate the nature, cause and extent of the damage.<\/p><p>We are also available to advise you to keep the likelihood of potential damage as low as possible.<\/p>\t\t\t\t\t\t\t\t<\/div>\n\t\t\t\t<\/div>\n\t\t\t\t\t<\/div>\n\t\t\t\t<\/div>\n\t\t<div class=\"elementor-element elementor-element-b70a8ed e-flex e-con-boxed e-con e-parent\" data-id=\"b70a8ed\" data-element_type=\"container\" data-e-type=\"container\">\n\t\t\t\t\t<div class=\"e-con-inner\">\n\t\t\t\t<div class=\"elementor-element elementor-element-4ecf401 elementor-widget elementor-widget-spacer\" data-id=\"4ecf401\" data-element_type=\"widget\" data-e-type=\"widget\" data-widget_type=\"spacer.default\">\n\t\t\t\t<div class=\"elementor-widget-container\">\n\t\t\t\t\t\t\t<div class=\"elementor-spacer\">\n\t\t\t<div class=\"elementor-spacer-inner\"><\/div>\n\t\t<\/div>\n\t\t\t\t\t\t<\/div>\n\t\t\t\t<\/div>\n\t\t\t\t\t<\/div>\n\t\t\t\t<\/div>\n\t\t<div class=\"elementor-element elementor-element-2fee811 e-flex e-con-boxed e-con e-parent\" data-id=\"2fee811\" data-element_type=\"container\" data-e-type=\"container\">\n\t\t\t\t\t<div class=\"e-con-inner\">\n\t\t\t\t<div class=\"elementor-element elementor-element-16d7f8a elementor-widget elementor-widget-heading\" data-id=\"16d7f8a\" data-element_type=\"widget\" data-e-type=\"widget\" data-widget_type=\"heading.default\">\n\t\t\t\t<div class=\"elementor-widget-container\">\n\t\t\t\t\t<h1 class=\"elementor-heading-title elementor-size-default\">What we can offer you...<\/h1>\t\t\t\t<\/div>\n\t\t\t\t<\/div>\n\t\t\t\t\t<\/div>\n\t\t\t\t<\/div>\n\t\t<div class=\"elementor-element elementor-element-e76ed3e e-flex e-con-boxed e-con e-parent\" data-id=\"e76ed3e\" data-element_type=\"container\" data-e-type=\"container\">\n\t\t\t\t\t<div class=\"e-con-inner\">\n\t\t\t\t<div class=\"elementor-element elementor-element-59ede76 elementor-widget elementor-widget-spacer\" data-id=\"59ede76\" data-element_type=\"widget\" data-e-type=\"widget\" data-widget_type=\"spacer.default\">\n\t\t\t\t<div class=\"elementor-widget-container\">\n\t\t\t\t\t\t\t<div class=\"elementor-spacer\">\n\t\t\t<div class=\"elementor-spacer-inner\"><\/div>\n\t\t<\/div>\n\t\t\t\t\t\t<\/div>\n\t\t\t\t<\/div>\n\t\t\t\t\t<\/div>\n\t\t\t\t<\/div>\n\t\t<div class=\"elementor-element elementor-element-dd04445 e-flex e-con-boxed e-con e-parent\" data-id=\"dd04445\" data-element_type=\"container\" data-e-type=\"container\">\n\t\t\t\t\t<div class=\"e-con-inner\">\n\t\t\t\t<div class=\"elementor-element elementor-element-009bd72 elementor-icon-list--layout-traditional elementor-list-item-link-full_width elementor-widget elementor-widget-icon-list\" data-id=\"009bd72\" data-element_type=\"widget\" data-e-type=\"widget\" data-widget_type=\"icon-list.default\">\n\t\t\t\t<div class=\"elementor-widget-container\">\n\t\t\t\t\t\t\t<ul class=\"elementor-icon-list-items\">\n\t\t\t\t\t\t\t<li class=\"elementor-icon-list-item\">\n\t\t\t\t\t\t\t\t\t\t<span class=\"elementor-icon-list-text\">The reasons for damage are manifold, so here is a small excerpt from the possible examinations:<br><\/span>\n\t\t\t\t\t\t\t\t\t<\/li>\n\t\t\t\t\t\t\t\t<li class=\"elementor-icon-list-item\">\n\t\t\t\t\t\t\t\t\t\t\t<span class=\"elementor-icon-list-icon\">\n\t\t\t\t\t\t\t<i aria-hidden=\"true\" class=\"fas fa-check\"><\/i>\t\t\t\t\t\t<\/span>\n\t\t\t\t\t\t\t\t\t\t<span class=\"elementor-icon-list-text\">Investigation of cargo shifting due to inadequate cargo securing<\/span>\n\t\t\t\t\t\t\t\t\t<\/li>\n\t\t\t\t\t\t\t\t<li class=\"elementor-icon-list-item\">\n\t\t\t\t\t\t\t\t\t\t\t<span class=\"elementor-icon-list-icon\">\n\t\t\t\t\t\t\t<i aria-hidden=\"true\" class=\"fas fa-check\"><\/i>\t\t\t\t\t\t<\/span>\n\t\t\t\t\t\t\t\t\t\t<span class=\"elementor-icon-list-text\">Investigation of physical damage caused during packaging or handling<\/span>\n\t\t\t\t\t\t\t\t\t<\/li>\n\t\t\t\t\t\t\t\t<li class=\"elementor-icon-list-item\">\n\t\t\t\t\t\t\t\t\t\t\t<span class=\"elementor-icon-list-icon\">\n\t\t\t\t\t\t\t<i aria-hidden=\"true\" class=\"fas fa-check\"><\/i>\t\t\t\t\t\t<\/span>\n\t\t\t\t\t\t\t\t\t\t<span class=\"elementor-icon-list-text\">Examination for inadequate stowage<\/span>\n\t\t\t\t\t\t\t\t\t<\/li>\n\t\t\t\t\t\t\t\t<li class=\"elementor-icon-list-item\">\n\t\t\t\t\t\t\t\t\t\t\t<span class=\"elementor-icon-list-icon\">\n\t\t\t\t\t\t\t<i aria-hidden=\"true\" class=\"fas fa-check\"><\/i>\t\t\t\t\t\t<\/span>\n\t\t\t\t\t\t\t\t\t\t<span class=\"elementor-icon-list-text\">Examination for infestation by fungi, bacteria and vermin<\/span>\n\t\t\t\t\t\t\t\t\t<\/li>\n\t\t\t\t\t\t\t\t<li class=\"elementor-icon-list-item\">\n\t\t\t\t\t\t\t\t\t\t\t<span class=\"elementor-icon-list-icon\">\n\t\t\t\t\t\t\t<i aria-hidden=\"true\" class=\"fas fa-check\"><\/i>\t\t\t\t\t\t<\/span>\n\t\t\t\t\t\t\t\t\t\t<span class=\"elementor-icon-list-text\">Examination for wetting; damage caused by rain, sea or condensation water<\/span>\n\t\t\t\t\t\t\t\t\t<\/li>\n\t\t\t\t\t\t\t\t<li class=\"elementor-icon-list-item\">\n\t\t\t\t\t\t\t\t\t\t\t<span class=\"elementor-icon-list-icon\">\n\t\t\t\t\t\t\t<i aria-hidden=\"true\" class=\"fas fa-check\"><\/i>\t\t\t\t\t\t<\/span>\n\t\t\t\t\t\t\t\t\t\t<span class=\"elementor-icon-list-text\">etc.<\/span>\n\t\t\t\t\t\t\t\t\t<\/li>\n\t\t\t\t\t\t<\/ul>\n\t\t\t\t\t\t<\/div>\n\t\t\t\t<\/div>\n\t\t\t\t\t<\/div>\n\t\t\t\t<\/div>\n\t\t<div class=\"elementor-element elementor-element-b7cb85e e-flex e-con-boxed e-con e-parent\" data-id=\"b7cb85e\" data-element_type=\"container\" data-e-type=\"container\">\n\t\t\t\t\t<div class=\"e-con-inner\">\n\t\t\t\t<div class=\"elementor-element elementor-element-d9281d3 elementor-widget elementor-widget-spacer\" data-id=\"d9281d3\" data-element_type=\"widget\" data-e-type=\"widget\" data-widget_type=\"spacer.default\">\n\t\t\t\t<div class=\"elementor-widget-container\">\n\t\t\t\t\t\t\t<div class=\"elementor-spacer\">\n\t\t\t<div class=\"elementor-spacer-inner\"><\/div>\n\t\t<\/div>\n\t\t\t\t\t\t<\/div>\n\t\t\t\t<\/div>\n\t\t\t\t\t<\/div>\n\t\t\t\t<\/div>\n\t\t\t\t<\/div>","protected":false},"excerpt":{"rendered":"<p>Cargo Damage SurveyJedes Gut hat seine Herausforderung, diese gilt es zu ber\u00fccksichtigen, um einem Schaden vorzubeugen.Kontakt Cargo Damage Survey Ladungssch\u00e4den k\u00f6nnen w\u00e4hrend der Seereise oder aber w\u00e4hrend des Hafenbetriebs auftreten. Wann immer Ihre Ladung davon betroffen sein sollte, k\u00f6nnen wir im Namen aller Beteiligten vor Ort sein, um Art, Ursache und Ausma\u00df des Schadens zu [&hellip;]<\/p>\n","protected":false},"author":1,"featured_media":0,"parent":2491,"menu_order":3,"comment_status":"closed","ping_status":"closed","template":"","meta":{"footnotes":""},"class_list":["post-1656","page","type-page","status-publish","hentry"],"yoast_head":"<!-- This site is optimized with the Yoast SEO plugin v27.4 - https:\/\/yoast.com\/product\/yoast-seo-wordpress\/ -->\n<title>Cargo Damage Survey - Captain Langer<\/title>\n<meta name=\"robots\" content=\"index, follow, max-snippet:-1, max-image-preview:large, max-video-preview:-1\" \/>\n<link rel=\"canonical\" href=\"https:\/\/captainlanger.com\/en\/berufsschifffahrt\/cargo-damage-survey\/\" \/>\n<meta property=\"og:locale\" content=\"en_US\" \/>\n<meta property=\"og:type\" content=\"article\" \/>\n<meta property=\"og:title\" content=\"Cargo Damage Survey - Captain Langer\" \/>\n<meta property=\"og:description\" content=\"Cargo Damage SurveyJedes Gut hat seine Herausforderung, diese gilt es zu ber\u00fccksichtigen, um einem Schaden vorzubeugen.Kontakt Cargo Damage Survey Ladungssch\u00e4den k\u00f6nnen w\u00e4hrend der Seereise oder aber w\u00e4hrend des Hafenbetriebs auftreten. Wann immer Ihre Ladung davon betroffen sein sollte, k\u00f6nnen wir im Namen aller Beteiligten vor Ort sein, um Art, Ursache und Ausma\u00df des Schadens zu [&hellip;]\" \/>\n<meta property=\"og:url\" content=\"https:\/\/captainlanger.com\/en\/berufsschifffahrt\/cargo-damage-survey\/\" \/>\n<meta property=\"og:site_name\" content=\"Captain Langer\" \/>\n<meta property=\"article:modified_time\" content=\"2025-08-31T06:37:12+00:00\" \/>\n<meta name=\"twitter:card\" content=\"summary_large_image\" \/>\n<meta name=\"twitter:label1\" content=\"Est. reading time\" \/>\n\t<meta name=\"twitter:data1\" content=\"1 minute\" \/>\n<script type=\"application\/ld+json\" class=\"yoast-schema-graph\">{\"@context\":\"https:\\\/\\\/schema.org\",\"@graph\":[{\"@type\":\"WebPage\",\"@id\":\"https:\\\/\\\/captainlanger.com\\\/berufsschifffahrt\\\/cargo-damage-survey\\\/\",\"url\":\"https:\\\/\\\/captainlanger.com\\\/berufsschifffahrt\\\/cargo-damage-survey\\\/\",\"name\":\"Cargo Damage Survey - Captain Langer\",\"isPartOf\":{\"@id\":\"https:\\\/\\\/captainlanger.com\\\/#website\"},\"datePublished\":\"2024-06-04T11:53:20+00:00\",\"dateModified\":\"2025-08-31T06:37:12+00:00\",\"breadcrumb\":{\"@id\":\"https:\\\/\\\/captainlanger.com\\\/berufsschifffahrt\\\/cargo-damage-survey\\\/#breadcrumb\"},\"inLanguage\":\"en-US\",\"potentialAction\":[{\"@type\":\"ReadAction\",\"target\":[\"https:\\\/\\\/captainlanger.com\\\/berufsschifffahrt\\\/cargo-damage-survey\\\/\"]}]},{\"@type\":\"BreadcrumbList\",\"@id\":\"https:\\\/\\\/captainlanger.com\\\/berufsschifffahrt\\\/cargo-damage-survey\\\/#breadcrumb\",\"itemListElement\":[{\"@type\":\"ListItem\",\"position\":1,\"name\":\"Startseite\",\"item\":\"https:\\\/\\\/captainlanger.com\\\/\"},{\"@type\":\"ListItem\",\"position\":2,\"name\":\"Berufsschifffahrt\",\"item\":\"https:\\\/\\\/captainlanger.com\\\/berufsschifffahrt\\\/\"},{\"@type\":\"ListItem\",\"position\":3,\"name\":\"Cargo Damage Survey\"}]},{\"@type\":\"WebSite\",\"@id\":\"https:\\\/\\\/captainlanger.com\\\/#website\",\"url\":\"https:\\\/\\\/captainlanger.com\\\/\",\"name\":\"CAPTAIN LANGER\",\"description\":\"Maritime Service\",\"publisher\":{\"@id\":\"https:\\\/\\\/captainlanger.com\\\/#organization\"},\"potentialAction\":[{\"@type\":\"SearchAction\",\"target\":{\"@type\":\"EntryPoint\",\"urlTemplate\":\"https:\\\/\\\/captainlanger.com\\\/?s={search_term_string}\"},\"query-input\":{\"@type\":\"PropertyValueSpecification\",\"valueRequired\":true,\"valueName\":\"search_term_string\"}}],\"inLanguage\":\"en-US\"},{\"@type\":\"Organization\",\"@id\":\"https:\\\/\\\/captainlanger.com\\\/#organization\",\"name\":\"CAPTAIN LANGER\",\"url\":\"https:\\\/\\\/captainlanger.com\\\/\",\"logo\":{\"@type\":\"ImageObject\",\"inLanguage\":\"en-US\",\"@id\":\"https:\\\/\\\/captainlanger.com\\\/#\\\/schema\\\/logo\\\/image\\\/\",\"url\":\"https:\\\/\\\/captainlanger.com\\\/wp-content\\\/uploads\\\/2024\\\/02\\\/LOGO_web.gif\",\"contentUrl\":\"https:\\\/\\\/captainlanger.com\\\/wp-content\\\/uploads\\\/2024\\\/02\\\/LOGO_web.gif\",\"width\":1443,\"height\":408,\"caption\":\"CAPTAIN LANGER\"},\"image\":{\"@id\":\"https:\\\/\\\/captainlanger.com\\\/#\\\/schema\\\/logo\\\/image\\\/\"}}]}<\/script>\n<!-- \/ Yoast SEO plugin. -->","yoast_head_json":{"title":"Cargo Damage Survey - Captain Langer","robots":{"index":"index","follow":"follow","max-snippet":"max-snippet:-1","max-image-preview":"max-image-preview:large","max-video-preview":"max-video-preview:-1"},"canonical":"https:\/\/captainlanger.com\/en\/berufsschifffahrt\/cargo-damage-survey\/","og_locale":"en_US","og_type":"article","og_title":"Cargo Damage Survey - Captain Langer","og_description":"Cargo Damage SurveyJedes Gut hat seine Herausforderung, diese gilt es zu ber\u00fccksichtigen, um einem Schaden vorzubeugen.Kontakt Cargo Damage Survey Ladungssch\u00e4den k\u00f6nnen w\u00e4hrend der Seereise oder aber w\u00e4hrend des Hafenbetriebs auftreten. Wann immer Ihre Ladung davon betroffen sein sollte, k\u00f6nnen wir im Namen aller Beteiligten vor Ort sein, um Art, Ursache und Ausma\u00df des Schadens zu [&hellip;]","og_url":"https:\/\/captainlanger.com\/en\/berufsschifffahrt\/cargo-damage-survey\/","og_site_name":"Captain Langer","article_modified_time":"2025-08-31T06:37:12+00:00","twitter_card":"summary_large_image","twitter_misc":{"Est. reading time":"1 minute"},"schema":{"@context":"https:\/\/schema.org","@graph":[{"@type":"WebPage","@id":"https:\/\/captainlanger.com\/berufsschifffahrt\/cargo-damage-survey\/","url":"https:\/\/captainlanger.com\/berufsschifffahrt\/cargo-damage-survey\/","name":"Cargo Damage Survey - Captain Langer","isPartOf":{"@id":"https:\/\/captainlanger.com\/#website"},"datePublished":"2024-06-04T11:53:20+00:00","dateModified":"2025-08-31T06:37:12+00:00","breadcrumb":{"@id":"https:\/\/captainlanger.com\/berufsschifffahrt\/cargo-damage-survey\/#breadcrumb"},"inLanguage":"en-US","potentialAction":[{"@type":"ReadAction","target":["https:\/\/captainlanger.com\/berufsschifffahrt\/cargo-damage-survey\/"]}]},{"@type":"BreadcrumbList","@id":"https:\/\/captainlanger.com\/berufsschifffahrt\/cargo-damage-survey\/#breadcrumb","itemListElement":[{"@type":"ListItem","position":1,"name":"Startseite","item":"https:\/\/captainlanger.com\/"},{"@type":"ListItem","position":2,"name":"Berufsschifffahrt","item":"https:\/\/captainlanger.com\/berufsschifffahrt\/"},{"@type":"ListItem","position":3,"name":"Cargo Damage Survey"}]},{"@type":"WebSite","@id":"https:\/\/captainlanger.com\/#website","url":"https:\/\/captainlanger.com\/","name":"CAPTAIN LANGER","description":"Maritime Service","publisher":{"@id":"https:\/\/captainlanger.com\/#organization"},"potentialAction":[{"@type":"SearchAction","target":{"@type":"EntryPoint","urlTemplate":"https:\/\/captainlanger.com\/?s={search_term_string}"},"query-input":{"@type":"PropertyValueSpecification","valueRequired":true,"valueName":"search_term_string"}}],"inLanguage":"en-US"},{"@type":"Organization","@id":"https:\/\/captainlanger.com\/#organization","name":"CAPTAIN LANGER","url":"https:\/\/captainlanger.com\/","logo":{"@type":"ImageObject","inLanguage":"en-US","@id":"https:\/\/captainlanger.com\/#\/schema\/logo\/image\/","url":"https:\/\/captainlanger.com\/wp-content\/uploads\/2024\/02\/LOGO_web.gif","contentUrl":"https:\/\/captainlanger.com\/wp-content\/uploads\/2024\/02\/LOGO_web.gif","width":1443,"height":408,"caption":"CAPTAIN LANGER"},"image":{"@id":"https:\/\/captainlanger.com\/#\/schema\/logo\/image\/"}}]}},"_links":{"self":[{"href":"https:\/\/captainlanger.com\/en\/wp-json\/wp\/v2\/pages\/1656","targetHints":{"allow":["GET"]}}],"collection":[{"href":"https:\/\/captainlanger.com\/en\/wp-json\/wp\/v2\/pages"}],"about":[{"href":"https:\/\/captainlanger.com\/en\/wp-json\/wp\/v2\/types\/page"}],"author":[{"embeddable":true,"href":"https:\/\/captainlanger.com\/en\/wp-json\/wp\/v2\/users\/1"}],"replies":[{"embeddable":true,"href":"https:\/\/captainlanger.com\/en\/wp-json\/wp\/v2\/comments?post=1656"}],"version-history":[{"count":6,"href":"https:\/\/captainlanger.com\/en\/wp-json\/wp\/v2\/pages\/1656\/revisions"}],"predecessor-version":[{"id":3153,"href":"https:\/\/captainlanger.com\/en\/wp-json\/wp\/v2\/pages\/1656\/revisions\/3153"}],"up":[{"embeddable":true,"href":"https:\/\/captainlanger.com\/en\/wp-json\/wp\/v2\/pages\/2491"}],"wp:attachment":[{"href":"https:\/\/captainlanger.com\/en\/wp-json\/wp\/v2\/media?parent=1656"}],"curies":[{"name":"wp","href":"https:\/\/api.w.org\/{rel}","templated":true}]}}