{"id":1775,"date":"2024-06-05T19:59:39","date_gmt":"2024-06-05T17:59:39","guid":{"rendered":"https:\/\/captainlanger.com\/?page_id=1775"},"modified":"2025-07-29T09:55:32","modified_gmt":"2025-07-29T07:55:32","slug":"loading-unloading-survey","status":"publish","type":"page","link":"https:\/\/captainlanger.com\/en\/berufsschifffahrt\/loading-unloading-survey\/","title":{"rendered":"Loading-Unloading Survey"},"content":{"rendered":"<div data-elementor-type=\"wp-page\" data-elementor-id=\"1775\" class=\"elementor elementor-1775\" data-elementor-post-type=\"page\">\n\t\t\t\t<div class=\"elementor-element elementor-element-2fd35e7 e-con-full e-flex e-con e-parent\" data-id=\"2fd35e7\" data-element_type=\"container\" data-e-type=\"container\">\n\t\t\t\t<div class=\"elementor-element elementor-element-934e51b elementor--h-position-center elementor--v-position-middle elementor-widget elementor-widget-slides\" data-id=\"934e51b\" data-element_type=\"widget\" data-e-type=\"widget\" data-settings=\"{&quot;navigation&quot;:&quot;none&quot;,&quot;autoplay&quot;:&quot;yes&quot;,&quot;pause_on_hover&quot;:&quot;yes&quot;,&quot;pause_on_interaction&quot;:&quot;yes&quot;,&quot;autoplay_speed&quot;:5000,&quot;infinite&quot;:&quot;yes&quot;,&quot;transition&quot;:&quot;slide&quot;,&quot;transition_speed&quot;:500}\" data-widget_type=\"slides.default\">\n\t\t\t\t<div class=\"elementor-widget-container\">\n\t\t\t\t\t\t\t\t\t<div class=\"elementor-swiper\">\n\t\t\t\t\t<div class=\"elementor-slides-wrapper elementor-main-swiper swiper\" role=\"region\" aria-roledescription=\"carousel\" aria-label=\"Loading \/ Unloading Survey\" dir=\"ltr\" data-animation=\"fadeInUp\">\n\t\t\t\t<div class=\"swiper-wrapper elementor-slides\">\n\t\t\t\t\t\t\t\t\t\t<div class=\"elementor-repeater-item-93c43d9 swiper-slide\" role=\"group\" aria-roledescription=\"slide\"><div class=\"swiper-slide-bg elementor-ken-burns elementor-ken-burns--in\" role=\"img\" aria-label=\"loading_unloading_survey\"><\/div><div class=\"elementor-background-overlay\"><\/div><div class=\"swiper-slide-inner\" ><div class=\"swiper-slide-contents\"><div class=\"elementor-slide-heading\">Loading \/ Unloading Survey<\/div><div class=\"elementor-slide-description\">Loading and unloading surveys are important inspections carried out during operations.<\/div><a href=\"mailto:info@captainlanger.com?subject=Loading%20\/%20Unlaoding%20Survey\" class=\"elementor-button elementor-slide-button elementor-size-sm\">Contact<\/a><\/div><\/div><\/div>\t\t\t\t<\/div>\n\t\t\t\t\t\t\t<\/div>\n\t\t\t\t<\/div>\n\t\t\t\t\t\t\t\t<\/div>\n\t\t\t\t<\/div>\n\t\t\t\t<\/div>\n\t\t<div class=\"elementor-element elementor-element-b37e071 e-flex e-con-boxed e-con e-parent\" data-id=\"b37e071\" data-element_type=\"container\" data-e-type=\"container\">\n\t\t\t\t\t<div class=\"e-con-inner\">\n\t\t\t\t<div class=\"elementor-element elementor-element-a53afd2 elementor-widget elementor-widget-spacer\" data-id=\"a53afd2\" data-element_type=\"widget\" data-e-type=\"widget\" data-widget_type=\"spacer.default\">\n\t\t\t\t<div class=\"elementor-widget-container\">\n\t\t\t\t\t\t\t<div class=\"elementor-spacer\">\n\t\t\t<div class=\"elementor-spacer-inner\"><\/div>\n\t\t<\/div>\n\t\t\t\t\t\t<\/div>\n\t\t\t\t<\/div>\n\t\t\t\t\t<\/div>\n\t\t\t\t<\/div>\n\t\t<div class=\"elementor-element elementor-element-45c7fed e-flex e-con-boxed e-con e-parent\" data-id=\"45c7fed\" data-element_type=\"container\" data-e-type=\"container\">\n\t\t\t\t\t<div class=\"e-con-inner\">\n\t\t\t\t<div class=\"elementor-element elementor-element-cfb59d9 elementor-widget elementor-widget-heading\" data-id=\"cfb59d9\" data-element_type=\"widget\" data-e-type=\"widget\" data-widget_type=\"heading.default\">\n\t\t\t\t<div class=\"elementor-widget-container\">\n\t\t\t\t\t<h1 class=\"elementor-heading-title elementor-size-default\">Loading \/ Unloading Survey<\/h1>\t\t\t\t<\/div>\n\t\t\t\t<\/div>\n\t\t\t\t\t<\/div>\n\t\t\t\t<\/div>\n\t\t<div class=\"elementor-element elementor-element-c7f473d e-flex e-con-boxed e-con e-parent\" data-id=\"c7f473d\" data-element_type=\"container\" data-e-type=\"container\">\n\t\t\t\t\t<div class=\"e-con-inner\">\n\t\t\t\t<div class=\"elementor-element elementor-element-b6a51be elementor-widget elementor-widget-text-editor\" data-id=\"b6a51be\" data-element_type=\"widget\" data-e-type=\"widget\" data-widget_type=\"text-editor.default\">\n\t\t\t\t<div class=\"elementor-widget-container\">\n\t\t\t\t\t\t\t\t\t<p>Sea transport places high demands on cargo securing, more so than is required on road and rail. To ensure that your cargo, project or goods arrive at their destination safely and undamaged, we offer the Loading \/ Unloading Survey service.<\/p>\t\t\t\t\t\t\t\t<\/div>\n\t\t\t\t<\/div>\n\t\t\t\t\t<\/div>\n\t\t\t\t<\/div>\n\t\t<div class=\"elementor-element elementor-element-7174f1f e-flex e-con-boxed e-con e-parent\" data-id=\"7174f1f\" data-element_type=\"container\" data-e-type=\"container\">\n\t\t\t\t\t<div class=\"e-con-inner\">\n\t\t\t\t<div class=\"elementor-element elementor-element-63ea897 elementor-widget elementor-widget-spacer\" data-id=\"63ea897\" data-element_type=\"widget\" data-e-type=\"widget\" data-widget_type=\"spacer.default\">\n\t\t\t\t<div class=\"elementor-widget-container\">\n\t\t\t\t\t\t\t<div class=\"elementor-spacer\">\n\t\t\t<div class=\"elementor-spacer-inner\"><\/div>\n\t\t<\/div>\n\t\t\t\t\t\t<\/div>\n\t\t\t\t<\/div>\n\t\t\t\t\t<\/div>\n\t\t\t\t<\/div>\n\t\t<div class=\"elementor-element elementor-element-4db3734 e-flex e-con-boxed e-con e-parent\" data-id=\"4db3734\" data-element_type=\"container\" data-e-type=\"container\">\n\t\t\t\t\t<div class=\"e-con-inner\">\n\t\t\t\t<div class=\"elementor-element elementor-element-8e8c620 elementor-widget elementor-widget-heading\" data-id=\"8e8c620\" data-element_type=\"widget\" data-e-type=\"widget\" data-widget_type=\"heading.default\">\n\t\t\t\t<div class=\"elementor-widget-container\">\n\t\t\t\t\t<h2 class=\"elementor-heading-title elementor-size-default\">What we can do for you\u2026<\/h2>\t\t\t\t<\/div>\n\t\t\t\t<\/div>\n\t\t\t\t\t<\/div>\n\t\t\t\t<\/div>\n\t\t<div class=\"elementor-element elementor-element-64eb259 e-flex e-con-boxed e-con e-parent\" data-id=\"64eb259\" data-element_type=\"container\" data-e-type=\"container\">\n\t\t\t\t\t<div class=\"e-con-inner\">\n\t\t\t\t<div class=\"elementor-element elementor-element-d2026dd elementor-widget elementor-widget-text-editor\" data-id=\"d2026dd\" data-element_type=\"widget\" data-e-type=\"widget\" data-widget_type=\"text-editor.default\">\n\t\t\t\t<div class=\"elementor-widget-container\">\n\t\t\t\t\t\t\t\t\t<p>We work closely with our customers to develop customized plans based on their wishes and needs as to how we can support you. An example of a survey could look like this:<\/p>\t\t\t\t\t\t\t\t<\/div>\n\t\t\t\t<\/div>\n\t\t\t\t\t<\/div>\n\t\t\t\t<\/div>\n\t\t<div class=\"elementor-element elementor-element-16813e5 e-flex e-con-boxed e-con e-parent\" data-id=\"16813e5\" data-element_type=\"container\" data-e-type=\"container\">\n\t\t\t\t\t<div class=\"e-con-inner\">\n\t\t\t\t<div class=\"elementor-element elementor-element-a992d75 elementor-widget elementor-widget-text-editor\" data-id=\"a992d75\" data-element_type=\"widget\" data-e-type=\"widget\" data-widget_type=\"text-editor.default\">\n\t\t\t\t<div class=\"elementor-widget-container\">\n\t\t\t\t\t\t\t\t\t<ol><li>Before Loading<ol><li>Thorough inspection of the transported goods<\/li><li>Kontrolle der Abma\u00dfe und des Gewichts<\/li><li>Check for proper and intact packaging<\/li><li>Ensuring that all hazardous substances have been properly identified<\/li><li>Checking the correct labelling on the packaging<\/li><li>Checking cargo securing<\/li><\/ol><\/li><li>During loading<ol><li>Monitoring and support during the loading process<\/li><li>Ensure that your cargo is properly handled and secured<\/li><li>Make sure to load in the correct order and orientation<\/li><li>Ensure that instructions are passed on<\/li><\/ol><\/li><li>During discharging<ol><li>Preliminary check for possible transport damage<\/li><li>\u00dcberwachung und Unterst\u00fctzung beim L\u00f6schvorgang<\/li><li>Ensure that your cargo is properly handled and secured<\/li><\/ol><\/li><\/ol>\t\t\t\t\t\t\t\t<\/div>\n\t\t\t\t<\/div>\n\t\t\t\t\t<\/div>\n\t\t\t\t<\/div>\n\t\t<div class=\"elementor-element elementor-element-d68030f e-flex e-con-boxed e-con e-parent\" data-id=\"d68030f\" data-element_type=\"container\" data-e-type=\"container\">\n\t\t\t\t\t<div class=\"e-con-inner\">\n\t\t\t\t<div class=\"elementor-element elementor-element-88abfde elementor-widget elementor-widget-text-editor\" data-id=\"88abfde\" data-element_type=\"widget\" data-e-type=\"widget\" data-widget_type=\"text-editor.default\">\n\t\t\t\t<div class=\"elementor-widget-container\">\n\t\t\t\t\t\t\t\t\t<p>Should we consider corrective action necessary in any of the work steps, we would communicate this as quickly as possible.<\/p>\t\t\t\t\t\t\t\t<\/div>\n\t\t\t\t<\/div>\n\t\t\t\t\t<\/div>\n\t\t\t\t<\/div>\n\t\t<div class=\"elementor-element elementor-element-026b79f e-flex e-con-boxed e-con e-parent\" data-id=\"026b79f\" data-element_type=\"container\" data-e-type=\"container\">\n\t\t\t\t\t<div class=\"e-con-inner\">\n\t\t\t\t<div class=\"elementor-element elementor-element-f2db74e elementor-widget elementor-widget-text-editor\" data-id=\"f2db74e\" data-element_type=\"widget\" data-e-type=\"widget\" data-widget_type=\"text-editor.default\">\n\t\t\t\t<div class=\"elementor-widget-container\">\n\t\t\t\t\t\t\t\t\t<p>Following our assignment, you will receive detailed documentation and reporting.<\/p>\t\t\t\t\t\t\t\t<\/div>\n\t\t\t\t<\/div>\n\t\t\t\t\t<\/div>\n\t\t\t\t<\/div>\n\t\t<div class=\"elementor-element elementor-element-473a3b6 e-flex e-con-boxed e-con e-parent\" data-id=\"473a3b6\" data-element_type=\"container\" data-e-type=\"container\">\n\t\t\t\t\t<div class=\"e-con-inner\">\n\t\t\t\t<div class=\"elementor-element elementor-element-b5197e2 elementor-widget elementor-widget-spacer\" data-id=\"b5197e2\" data-element_type=\"widget\" data-e-type=\"widget\" data-widget_type=\"spacer.default\">\n\t\t\t\t<div class=\"elementor-widget-container\">\n\t\t\t\t\t\t\t<div class=\"elementor-spacer\">\n\t\t\t<div class=\"elementor-spacer-inner\"><\/div>\n\t\t<\/div>\n\t\t\t\t\t\t<\/div>\n\t\t\t\t<\/div>\n\t\t\t\t\t<\/div>\n\t\t\t\t<\/div>\n\t\t<div class=\"elementor-element elementor-element-f0a7dd2 e-flex e-con-boxed e-con e-parent\" data-id=\"f0a7dd2\" data-element_type=\"container\" data-e-type=\"container\">\n\t\t\t\t\t<div class=\"e-con-inner\">\n\t\t\t\t<div class=\"elementor-element elementor-element-9a4f037 elementor-widget elementor-widget-heading\" data-id=\"9a4f037\" data-element_type=\"widget\" data-e-type=\"widget\" data-widget_type=\"heading.default\">\n\t\t\t\t<div class=\"elementor-widget-container\">\n\t\t\t\t\t<h3 class=\"elementor-heading-title elementor-size-default\">Your Advantage:<\/h3>\t\t\t\t<\/div>\n\t\t\t\t<\/div>\n\t\t\t\t\t<\/div>\n\t\t\t\t<\/div>\n\t\t<div class=\"elementor-element elementor-element-5a39ce3 e-flex e-con-boxed e-con e-parent\" data-id=\"5a39ce3\" data-element_type=\"container\" data-e-type=\"container\">\n\t\t\t\t\t<div class=\"e-con-inner\">\n\t\t\t\t<div class=\"elementor-element elementor-element-a97fdb0 elementor-widget elementor-widget-text-editor\" data-id=\"a97fdb0\" data-element_type=\"widget\" data-e-type=\"widget\" data-widget_type=\"text-editor.default\">\n\t\t\t\t<div class=\"elementor-widget-container\">\n\t\t\t\t\t\t\t\t\t<ol><li>Prevent damage to cargo and equipment by identifying potential hazards early<\/li><li>Compliance with standards and regulations<\/li><li>Satisfied customers because your goods reach your customer safely and undamaged<\/li><\/ol>\t\t\t\t\t\t\t\t<\/div>\n\t\t\t\t<\/div>\n\t\t\t\t\t<\/div>\n\t\t\t\t<\/div>\n\t\t<div class=\"elementor-element elementor-element-3247447 e-flex e-con-boxed e-con e-parent\" data-id=\"3247447\" data-element_type=\"container\" data-e-type=\"container\">\n\t\t\t\t\t<div class=\"e-con-inner\">\n\t\t\t\t<div class=\"elementor-element elementor-element-0e12fd7 elementor-widget elementor-widget-spacer\" data-id=\"0e12fd7\" data-element_type=\"widget\" data-e-type=\"widget\" data-widget_type=\"spacer.default\">\n\t\t\t\t<div class=\"elementor-widget-container\">\n\t\t\t\t\t\t\t<div class=\"elementor-spacer\">\n\t\t\t<div class=\"elementor-spacer-inner\"><\/div>\n\t\t<\/div>\n\t\t\t\t\t\t<\/div>\n\t\t\t\t<\/div>\n\t\t\t\t\t<\/div>\n\t\t\t\t<\/div>\n\t\t\t\t<\/div>","protected":false},"excerpt":{"rendered":"<p>Loading \/ Unloading SurveyLade- und L\u00f6schbesichtigungen sind wichtige Inspektionen, die w\u00e4hrend der Arbeit durchgef\u00fchrt werden.Kontakt Loading \/ Unloading Survey Ein Seetransport hat hohe Anspr\u00fcche an die Ladungssicherung, mehr als auf der Stra\u00dfe und Schiene gefordert sind. Damit Ihr Transportgut, Ihr Projekt oder Ihre Ware sicher und unversehrt am Zielort ankommt, bieten wir den Service des [&hellip;]<\/p>\n","protected":false},"author":1,"featured_media":0,"parent":2491,"menu_order":7,"comment_status":"closed","ping_status":"closed","template":"","meta":{"footnotes":""},"class_list":["post-1775","page","type-page","status-publish","hentry"],"yoast_head":"<!-- This site is optimized with the Yoast SEO plugin v27.4 - https:\/\/yoast.com\/product\/yoast-seo-wordpress\/ -->\n<title>Captain Langer - Loading-Unloading Survey<\/title>\n<meta name=\"description\" content=\"Ein Loading-Unloading Survey ist eine Inspektion um m\u00f6gliche Sch\u00e4den an der Ladung oder am Schiff festzustellen.\" \/>\n<meta name=\"robots\" content=\"index, follow, max-snippet:-1, max-image-preview:large, max-video-preview:-1\" \/>\n<link rel=\"canonical\" href=\"https:\/\/captainlanger.com\/en\/berufsschifffahrt\/loading-unloading-survey\/\" \/>\n<meta property=\"og:locale\" content=\"en_US\" \/>\n<meta property=\"og:type\" content=\"article\" \/>\n<meta property=\"og:title\" content=\"Captain Langer - Loading-Unloading Survey\" \/>\n<meta property=\"og:description\" content=\"Ein Loading-Unloading Survey ist eine Inspektion um m\u00f6gliche Sch\u00e4den an der Ladung oder am Schiff festzustellen.\" \/>\n<meta property=\"og:url\" content=\"https:\/\/captainlanger.com\/en\/berufsschifffahrt\/loading-unloading-survey\/\" \/>\n<meta property=\"og:site_name\" content=\"Captain Langer\" \/>\n<meta property=\"article:modified_time\" content=\"2025-07-29T07:55:32+00:00\" \/>\n<meta name=\"twitter:card\" content=\"summary_large_image\" \/>\n<meta name=\"twitter:label1\" content=\"Est. reading time\" \/>\n\t<meta name=\"twitter:data1\" content=\"2 minutes\" \/>\n<script type=\"application\/ld+json\" class=\"yoast-schema-graph\">{\"@context\":\"https:\\\/\\\/schema.org\",\"@graph\":[{\"@type\":\"WebPage\",\"@id\":\"https:\\\/\\\/captainlanger.com\\\/berufsschifffahrt\\\/loading-unloading-survey\\\/\",\"url\":\"https:\\\/\\\/captainlanger.com\\\/berufsschifffahrt\\\/loading-unloading-survey\\\/\",\"name\":\"Captain Langer - Loading-Unloading Survey\",\"isPartOf\":{\"@id\":\"https:\\\/\\\/captainlanger.com\\\/#website\"},\"datePublished\":\"2024-06-05T17:59:39+00:00\",\"dateModified\":\"2025-07-29T07:55:32+00:00\",\"description\":\"Ein Loading-Unloading Survey ist eine Inspektion um m\u00f6gliche Sch\u00e4den an der Ladung oder am Schiff festzustellen.\",\"breadcrumb\":{\"@id\":\"https:\\\/\\\/captainlanger.com\\\/berufsschifffahrt\\\/loading-unloading-survey\\\/#breadcrumb\"},\"inLanguage\":\"en-US\",\"potentialAction\":[{\"@type\":\"ReadAction\",\"target\":[\"https:\\\/\\\/captainlanger.com\\\/berufsschifffahrt\\\/loading-unloading-survey\\\/\"]}]},{\"@type\":\"BreadcrumbList\",\"@id\":\"https:\\\/\\\/captainlanger.com\\\/berufsschifffahrt\\\/loading-unloading-survey\\\/#breadcrumb\",\"itemListElement\":[{\"@type\":\"ListItem\",\"position\":1,\"name\":\"Startseite\",\"item\":\"https:\\\/\\\/captainlanger.com\\\/\"},{\"@type\":\"ListItem\",\"position\":2,\"name\":\"Berufsschifffahrt\",\"item\":\"https:\\\/\\\/captainlanger.com\\\/berufsschifffahrt\\\/\"},{\"@type\":\"ListItem\",\"position\":3,\"name\":\"Loading-Unloading Survey\"}]},{\"@type\":\"WebSite\",\"@id\":\"https:\\\/\\\/captainlanger.com\\\/#website\",\"url\":\"https:\\\/\\\/captainlanger.com\\\/\",\"name\":\"CAPTAIN LANGER\",\"description\":\"Maritime Service\",\"publisher\":{\"@id\":\"https:\\\/\\\/captainlanger.com\\\/#organization\"},\"potentialAction\":[{\"@type\":\"SearchAction\",\"target\":{\"@type\":\"EntryPoint\",\"urlTemplate\":\"https:\\\/\\\/captainlanger.com\\\/?s={search_term_string}\"},\"query-input\":{\"@type\":\"PropertyValueSpecification\",\"valueRequired\":true,\"valueName\":\"search_term_string\"}}],\"inLanguage\":\"en-US\"},{\"@type\":\"Organization\",\"@id\":\"https:\\\/\\\/captainlanger.com\\\/#organization\",\"name\":\"CAPTAIN LANGER\",\"url\":\"https:\\\/\\\/captainlanger.com\\\/\",\"logo\":{\"@type\":\"ImageObject\",\"inLanguage\":\"en-US\",\"@id\":\"https:\\\/\\\/captainlanger.com\\\/#\\\/schema\\\/logo\\\/image\\\/\",\"url\":\"https:\\\/\\\/captainlanger.com\\\/wp-content\\\/uploads\\\/2024\\\/02\\\/LOGO_web.gif\",\"contentUrl\":\"https:\\\/\\\/captainlanger.com\\\/wp-content\\\/uploads\\\/2024\\\/02\\\/LOGO_web.gif\",\"width\":1443,\"height\":408,\"caption\":\"CAPTAIN LANGER\"},\"image\":{\"@id\":\"https:\\\/\\\/captainlanger.com\\\/#\\\/schema\\\/logo\\\/image\\\/\"}}]}<\/script>\n<!-- \/ Yoast SEO plugin. -->","yoast_head_json":{"title":"Captain Langer - Loading-Unloading Survey","description":"Ein Loading-Unloading Survey ist eine Inspektion um m\u00f6gliche Sch\u00e4den an der Ladung oder am Schiff festzustellen.","robots":{"index":"index","follow":"follow","max-snippet":"max-snippet:-1","max-image-preview":"max-image-preview:large","max-video-preview":"max-video-preview:-1"},"canonical":"https:\/\/captainlanger.com\/en\/berufsschifffahrt\/loading-unloading-survey\/","og_locale":"en_US","og_type":"article","og_title":"Captain Langer - Loading-Unloading Survey","og_description":"Ein Loading-Unloading Survey ist eine Inspektion um m\u00f6gliche Sch\u00e4den an der Ladung oder am Schiff festzustellen.","og_url":"https:\/\/captainlanger.com\/en\/berufsschifffahrt\/loading-unloading-survey\/","og_site_name":"Captain Langer","article_modified_time":"2025-07-29T07:55:32+00:00","twitter_card":"summary_large_image","twitter_misc":{"Est. reading time":"2 minutes"},"schema":{"@context":"https:\/\/schema.org","@graph":[{"@type":"WebPage","@id":"https:\/\/captainlanger.com\/berufsschifffahrt\/loading-unloading-survey\/","url":"https:\/\/captainlanger.com\/berufsschifffahrt\/loading-unloading-survey\/","name":"Captain Langer - Loading-Unloading Survey","isPartOf":{"@id":"https:\/\/captainlanger.com\/#website"},"datePublished":"2024-06-05T17:59:39+00:00","dateModified":"2025-07-29T07:55:32+00:00","description":"Ein Loading-Unloading Survey ist eine Inspektion um m\u00f6gliche Sch\u00e4den an der Ladung oder am Schiff festzustellen.","breadcrumb":{"@id":"https:\/\/captainlanger.com\/berufsschifffahrt\/loading-unloading-survey\/#breadcrumb"},"inLanguage":"en-US","potentialAction":[{"@type":"ReadAction","target":["https:\/\/captainlanger.com\/berufsschifffahrt\/loading-unloading-survey\/"]}]},{"@type":"BreadcrumbList","@id":"https:\/\/captainlanger.com\/berufsschifffahrt\/loading-unloading-survey\/#breadcrumb","itemListElement":[{"@type":"ListItem","position":1,"name":"Startseite","item":"https:\/\/captainlanger.com\/"},{"@type":"ListItem","position":2,"name":"Berufsschifffahrt","item":"https:\/\/captainlanger.com\/berufsschifffahrt\/"},{"@type":"ListItem","position":3,"name":"Loading-Unloading Survey"}]},{"@type":"WebSite","@id":"https:\/\/captainlanger.com\/#website","url":"https:\/\/captainlanger.com\/","name":"CAPTAIN LANGER","description":"Maritime Service","publisher":{"@id":"https:\/\/captainlanger.com\/#organization"},"potentialAction":[{"@type":"SearchAction","target":{"@type":"EntryPoint","urlTemplate":"https:\/\/captainlanger.com\/?s={search_term_string}"},"query-input":{"@type":"PropertyValueSpecification","valueRequired":true,"valueName":"search_term_string"}}],"inLanguage":"en-US"},{"@type":"Organization","@id":"https:\/\/captainlanger.com\/#organization","name":"CAPTAIN LANGER","url":"https:\/\/captainlanger.com\/","logo":{"@type":"ImageObject","inLanguage":"en-US","@id":"https:\/\/captainlanger.com\/#\/schema\/logo\/image\/","url":"https:\/\/captainlanger.com\/wp-content\/uploads\/2024\/02\/LOGO_web.gif","contentUrl":"https:\/\/captainlanger.com\/wp-content\/uploads\/2024\/02\/LOGO_web.gif","width":1443,"height":408,"caption":"CAPTAIN LANGER"},"image":{"@id":"https:\/\/captainlanger.com\/#\/schema\/logo\/image\/"}}]}},"_links":{"self":[{"href":"https:\/\/captainlanger.com\/en\/wp-json\/wp\/v2\/pages\/1775","targetHints":{"allow":["GET"]}}],"collection":[{"href":"https:\/\/captainlanger.com\/en\/wp-json\/wp\/v2\/pages"}],"about":[{"href":"https:\/\/captainlanger.com\/en\/wp-json\/wp\/v2\/types\/page"}],"author":[{"embeddable":true,"href":"https:\/\/captainlanger.com\/en\/wp-json\/wp\/v2\/users\/1"}],"replies":[{"embeddable":true,"href":"https:\/\/captainlanger.com\/en\/wp-json\/wp\/v2\/comments?post=1775"}],"version-history":[{"count":0,"href":"https:\/\/captainlanger.com\/en\/wp-json\/wp\/v2\/pages\/1775\/revisions"}],"up":[{"embeddable":true,"href":"https:\/\/captainlanger.com\/en\/wp-json\/wp\/v2\/pages\/2491"}],"wp:attachment":[{"href":"https:\/\/captainlanger.com\/en\/wp-json\/wp\/v2\/media?parent=1775"}],"curies":[{"name":"wp","href":"https:\/\/api.w.org\/{rel}","templated":true}]}}