{"id":2753,"date":"2025-04-21T20:43:47","date_gmt":"2025-04-21T18:43:47","guid":{"rendered":"https:\/\/captainlanger.com\/?page_id=2753"},"modified":"2025-07-31T16:36:32","modified_gmt":"2025-07-31T14:36:32","slug":"retreat-sailing","status":"publish","type":"page","link":"https:\/\/captainlanger.com\/en\/sportschifffahrt\/retreat-sailing\/","title":{"rendered":"Retreat Sailing"},"content":{"rendered":"<div data-elementor-type=\"wp-page\" data-elementor-id=\"2753\" class=\"elementor elementor-2753\" data-elementor-post-type=\"page\">\n\t\t\t\t<div class=\"elementor-element elementor-element-269c964 e-flex e-con-boxed e-con e-parent\" data-id=\"269c964\" data-element_type=\"container\" data-e-type=\"container\">\n\t\t\t\t\t<div class=\"e-con-inner\">\n\t\t\t\t<div class=\"elementor-element elementor-element-2a2a896 elementor-widget elementor-widget-spacer\" data-id=\"2a2a896\" data-element_type=\"widget\" data-e-type=\"widget\" data-widget_type=\"spacer.default\">\n\t\t\t\t<div class=\"elementor-widget-container\">\n\t\t\t\t\t\t\t<div class=\"elementor-spacer\">\n\t\t\t<div class=\"elementor-spacer-inner\"><\/div>\n\t\t<\/div>\n\t\t\t\t\t\t<\/div>\n\t\t\t\t<\/div>\n\t\t\t\t\t<\/div>\n\t\t\t\t<\/div>\n\t\t<div class=\"elementor-element elementor-element-00c9d4d e-flex e-con-boxed e-con e-parent\" data-id=\"00c9d4d\" data-element_type=\"container\" data-e-type=\"container\">\n\t\t\t\t\t<div class=\"e-con-inner\">\n\t\t\t\t<div class=\"elementor-element elementor-element-171007b elementor-widget elementor-widget-heading\" data-id=\"171007b\" data-element_type=\"widget\" data-e-type=\"widget\" data-widget_type=\"heading.default\">\n\t\t\t\t<div class=\"elementor-widget-container\">\n\t\t\t\t\t<h2 class=\"elementor-heading-title elementor-size-default\">Retreat Sailing<\/h2>\t\t\t\t<\/div>\n\t\t\t\t<\/div>\n\t\t\t\t\t<\/div>\n\t\t\t\t<\/div>\n\t\t<div class=\"elementor-element elementor-element-e9d7e2f e-flex e-con-boxed e-con e-parent\" data-id=\"e9d7e2f\" data-element_type=\"container\" data-e-type=\"container\">\n\t\t\t\t\t<div class=\"e-con-inner\">\n\t\t\t\t<div class=\"elementor-element elementor-element-80c8aa7 elementor-widget elementor-widget-spacer\" data-id=\"80c8aa7\" data-element_type=\"widget\" data-e-type=\"widget\" data-widget_type=\"spacer.default\">\n\t\t\t\t<div class=\"elementor-widget-container\">\n\t\t\t\t\t\t\t<div class=\"elementor-spacer\">\n\t\t\t<div class=\"elementor-spacer-inner\"><\/div>\n\t\t<\/div>\n\t\t\t\t\t\t<\/div>\n\t\t\t\t<\/div>\n\t\t\t\t\t<\/div>\n\t\t\t\t<\/div>\n\t\t<div class=\"elementor-element elementor-element-f8042d6 e-flex e-con-boxed e-con e-parent\" data-id=\"f8042d6\" data-element_type=\"container\" data-e-type=\"container\">\n\t\t\t\t\t<div class=\"e-con-inner\">\n\t\t\t\t<div class=\"elementor-element elementor-element-a701186 ekit-equal-height-disable elementor-widget elementor-widget-elementskit-icon-box\" data-id=\"a701186\" data-element_type=\"widget\" data-e-type=\"widget\" data-widget_type=\"elementskit-icon-box.default\">\n\t\t\t\t<div class=\"elementor-widget-container\">\n\t\t\t\t\t<div class=\"ekit-wid-con\" >        <!-- link opening -->\n                <a href=\"#\" class=\"ekit_global_links\">\n                <!-- end link opening -->\n\n        <div class=\"elementskit-infobox text-center text- icon-top-align elementor-animation-\">\n                    <div class=\"elementskit-box-header elementor-animation-\">\n                <div class=\"elementskit-info-box-icon\">\n                    <i aria-hidden=\"true\" class=\"elementkit-infobox-icon icon icon-construction-tool-vehicle-with-crane-lifting-materials\"><\/i>\n                <\/div>\n          <\/div>\n                        <div class=\"box-body\">\n                            <h3 class=\"elementskit-info-box-title\">\n                    Wir sind noch in der Planungsphase....                <\/h3>\n                        \t\t  \t<p>Danke f\u00fcr Ihr Verst\u00e4ndnis. Leider ist die Planungsphase f\u00fcr 2026 noch nicht abgeschlossen. Wir beeilen uns um schnellstm\u00f6glich unsere Angebote pr\u00e4sentieren zu k\u00f6nnen.\n\nGerne k\u00f6nnen Sie schon jetzt mit uns Kontakt aufnehmen. Wir antworten umgehend! Mail an info@captainlanger.com  oder rufen Sie an unter +49 4123 922 6385.\u201c<\/p>\n                                <\/div>\n        \n        \n                <\/div>\n                <\/a>\n        <\/div>\t\t\t\t<\/div>\n\t\t\t\t<\/div>\n\t\t\t\t\t<\/div>\n\t\t\t\t<\/div>\n\t\t\t\t<\/div>","protected":false},"excerpt":{"rendered":"<p>Retreat Sailing Wir sind noch in der Planungsphase&#8230;. Danke f\u00fcr Ihr Verst\u00e4ndnis. Leider ist die Planungsphase f\u00fcr 2026 noch nicht abgeschlossen. Wir beeilen uns um schnellstm\u00f6glich unsere Angebote pr\u00e4sentieren zu k\u00f6nnen. Gerne k\u00f6nnen Sie schon jetzt mit uns Kontakt aufnehmen. Wir antworten umgehend! Mail an info@captainlanger.com oder rufen Sie an unter +49 4123 922 6385.\u201c<\/p>","protected":false},"author":1,"featured_media":0,"parent":2404,"menu_order":3,"comment_status":"closed","ping_status":"closed","template":"","meta":{"footnotes":""},"class_list":["post-2753","page","type-page","status-publish","hentry"],"yoast_head":"<!-- This site is optimized with the Yoast SEO plugin v27.4 - https:\/\/yoast.com\/product\/yoast-seo-wordpress\/ -->\n<title>Retreat Sailing - Captain Langer<\/title>\n<meta name=\"robots\" content=\"index, follow, max-snippet:-1, max-image-preview:large, max-video-preview:-1\" \/>\n<link rel=\"canonical\" href=\"https:\/\/captainlanger.com\/en\/sportschifffahrt\/retreat-sailing\/\" \/>\n<meta property=\"og:locale\" content=\"en_US\" \/>\n<meta property=\"og:type\" content=\"article\" \/>\n<meta property=\"og:title\" content=\"Retreat Sailing - Captain Langer\" \/>\n<meta property=\"og:description\" content=\"Retreat Sailing Wir sind noch in der Planungsphase&#8230;. Danke f\u00fcr Ihr Verst\u00e4ndnis. Leider ist die Planungsphase f\u00fcr 2026 noch nicht abgeschlossen. Wir beeilen uns um schnellstm\u00f6glich unsere Angebote pr\u00e4sentieren zu k\u00f6nnen. Gerne k\u00f6nnen Sie schon jetzt mit uns Kontakt aufnehmen. Wir antworten umgehend! Mail an info@captainlanger.com oder rufen Sie an unter +49 4123 922 6385.\u201c\" \/>\n<meta property=\"og:url\" content=\"https:\/\/captainlanger.com\/en\/sportschifffahrt\/retreat-sailing\/\" \/>\n<meta property=\"og:site_name\" content=\"Captain Langer\" \/>\n<meta property=\"article:modified_time\" content=\"2025-07-31T14:36:32+00:00\" \/>\n<meta name=\"twitter:card\" content=\"summary_large_image\" \/>\n<meta name=\"twitter:label1\" content=\"Est. reading time\" \/>\n\t<meta name=\"twitter:data1\" content=\"1 minute\" \/>\n<script type=\"application\/ld+json\" class=\"yoast-schema-graph\">{\"@context\":\"https:\\\/\\\/schema.org\",\"@graph\":[{\"@type\":\"WebPage\",\"@id\":\"https:\\\/\\\/captainlanger.com\\\/sportschifffahrt\\\/retreat-sailing\\\/\",\"url\":\"https:\\\/\\\/captainlanger.com\\\/sportschifffahrt\\\/retreat-sailing\\\/\",\"name\":\"Retreat Sailing - Captain Langer\",\"isPartOf\":{\"@id\":\"https:\\\/\\\/captainlanger.com\\\/#website\"},\"datePublished\":\"2025-04-21T18:43:47+00:00\",\"dateModified\":\"2025-07-31T14:36:32+00:00\",\"breadcrumb\":{\"@id\":\"https:\\\/\\\/captainlanger.com\\\/sportschifffahrt\\\/retreat-sailing\\\/#breadcrumb\"},\"inLanguage\":\"en-US\",\"potentialAction\":[{\"@type\":\"ReadAction\",\"target\":[\"https:\\\/\\\/captainlanger.com\\\/sportschifffahrt\\\/retreat-sailing\\\/\"]}]},{\"@type\":\"BreadcrumbList\",\"@id\":\"https:\\\/\\\/captainlanger.com\\\/sportschifffahrt\\\/retreat-sailing\\\/#breadcrumb\",\"itemListElement\":[{\"@type\":\"ListItem\",\"position\":1,\"name\":\"Startseite\",\"item\":\"https:\\\/\\\/captainlanger.com\\\/\"},{\"@type\":\"ListItem\",\"position\":2,\"name\":\"Sportschifffahrt\",\"item\":\"https:\\\/\\\/captainlanger.com\\\/sportschifffahrt\\\/\"},{\"@type\":\"ListItem\",\"position\":3,\"name\":\"Retreat Sailing\"}]},{\"@type\":\"WebSite\",\"@id\":\"https:\\\/\\\/captainlanger.com\\\/#website\",\"url\":\"https:\\\/\\\/captainlanger.com\\\/\",\"name\":\"CAPTAIN LANGER\",\"description\":\"Maritime Service\",\"publisher\":{\"@id\":\"https:\\\/\\\/captainlanger.com\\\/#organization\"},\"potentialAction\":[{\"@type\":\"SearchAction\",\"target\":{\"@type\":\"EntryPoint\",\"urlTemplate\":\"https:\\\/\\\/captainlanger.com\\\/?s={search_term_string}\"},\"query-input\":{\"@type\":\"PropertyValueSpecification\",\"valueRequired\":true,\"valueName\":\"search_term_string\"}}],\"inLanguage\":\"en-US\"},{\"@type\":\"Organization\",\"@id\":\"https:\\\/\\\/captainlanger.com\\\/#organization\",\"name\":\"CAPTAIN LANGER\",\"url\":\"https:\\\/\\\/captainlanger.com\\\/\",\"logo\":{\"@type\":\"ImageObject\",\"inLanguage\":\"en-US\",\"@id\":\"https:\\\/\\\/captainlanger.com\\\/#\\\/schema\\\/logo\\\/image\\\/\",\"url\":\"https:\\\/\\\/captainlanger.com\\\/wp-content\\\/uploads\\\/2024\\\/02\\\/LOGO_web.gif\",\"contentUrl\":\"https:\\\/\\\/captainlanger.com\\\/wp-content\\\/uploads\\\/2024\\\/02\\\/LOGO_web.gif\",\"width\":1443,\"height\":408,\"caption\":\"CAPTAIN LANGER\"},\"image\":{\"@id\":\"https:\\\/\\\/captainlanger.com\\\/#\\\/schema\\\/logo\\\/image\\\/\"}}]}<\/script>\n<!-- \/ Yoast SEO plugin. -->","yoast_head_json":{"title":"Retreat Sailing - Captain Langer","robots":{"index":"index","follow":"follow","max-snippet":"max-snippet:-1","max-image-preview":"max-image-preview:large","max-video-preview":"max-video-preview:-1"},"canonical":"https:\/\/captainlanger.com\/en\/sportschifffahrt\/retreat-sailing\/","og_locale":"en_US","og_type":"article","og_title":"Retreat Sailing - Captain Langer","og_description":"Retreat Sailing Wir sind noch in der Planungsphase&#8230;. Danke f\u00fcr Ihr Verst\u00e4ndnis. Leider ist die Planungsphase f\u00fcr 2026 noch nicht abgeschlossen. Wir beeilen uns um schnellstm\u00f6glich unsere Angebote pr\u00e4sentieren zu k\u00f6nnen. Gerne k\u00f6nnen Sie schon jetzt mit uns Kontakt aufnehmen. Wir antworten umgehend! Mail an info@captainlanger.com oder rufen Sie an unter +49 4123 922 6385.\u201c","og_url":"https:\/\/captainlanger.com\/en\/sportschifffahrt\/retreat-sailing\/","og_site_name":"Captain Langer","article_modified_time":"2025-07-31T14:36:32+00:00","twitter_card":"summary_large_image","twitter_misc":{"Est. reading time":"1 minute"},"schema":{"@context":"https:\/\/schema.org","@graph":[{"@type":"WebPage","@id":"https:\/\/captainlanger.com\/sportschifffahrt\/retreat-sailing\/","url":"https:\/\/captainlanger.com\/sportschifffahrt\/retreat-sailing\/","name":"Retreat Sailing - Captain Langer","isPartOf":{"@id":"https:\/\/captainlanger.com\/#website"},"datePublished":"2025-04-21T18:43:47+00:00","dateModified":"2025-07-31T14:36:32+00:00","breadcrumb":{"@id":"https:\/\/captainlanger.com\/sportschifffahrt\/retreat-sailing\/#breadcrumb"},"inLanguage":"en-US","potentialAction":[{"@type":"ReadAction","target":["https:\/\/captainlanger.com\/sportschifffahrt\/retreat-sailing\/"]}]},{"@type":"BreadcrumbList","@id":"https:\/\/captainlanger.com\/sportschifffahrt\/retreat-sailing\/#breadcrumb","itemListElement":[{"@type":"ListItem","position":1,"name":"Startseite","item":"https:\/\/captainlanger.com\/"},{"@type":"ListItem","position":2,"name":"Sportschifffahrt","item":"https:\/\/captainlanger.com\/sportschifffahrt\/"},{"@type":"ListItem","position":3,"name":"Retreat Sailing"}]},{"@type":"WebSite","@id":"https:\/\/captainlanger.com\/#website","url":"https:\/\/captainlanger.com\/","name":"CAPTAIN LANGER","description":"Maritime Service","publisher":{"@id":"https:\/\/captainlanger.com\/#organization"},"potentialAction":[{"@type":"SearchAction","target":{"@type":"EntryPoint","urlTemplate":"https:\/\/captainlanger.com\/?s={search_term_string}"},"query-input":{"@type":"PropertyValueSpecification","valueRequired":true,"valueName":"search_term_string"}}],"inLanguage":"en-US"},{"@type":"Organization","@id":"https:\/\/captainlanger.com\/#organization","name":"CAPTAIN LANGER","url":"https:\/\/captainlanger.com\/","logo":{"@type":"ImageObject","inLanguage":"en-US","@id":"https:\/\/captainlanger.com\/#\/schema\/logo\/image\/","url":"https:\/\/captainlanger.com\/wp-content\/uploads\/2024\/02\/LOGO_web.gif","contentUrl":"https:\/\/captainlanger.com\/wp-content\/uploads\/2024\/02\/LOGO_web.gif","width":1443,"height":408,"caption":"CAPTAIN LANGER"},"image":{"@id":"https:\/\/captainlanger.com\/#\/schema\/logo\/image\/"}}]}},"_links":{"self":[{"href":"https:\/\/captainlanger.com\/en\/wp-json\/wp\/v2\/pages\/2753","targetHints":{"allow":["GET"]}}],"collection":[{"href":"https:\/\/captainlanger.com\/en\/wp-json\/wp\/v2\/pages"}],"about":[{"href":"https:\/\/captainlanger.com\/en\/wp-json\/wp\/v2\/types\/page"}],"author":[{"embeddable":true,"href":"https:\/\/captainlanger.com\/en\/wp-json\/wp\/v2\/users\/1"}],"replies":[{"embeddable":true,"href":"https:\/\/captainlanger.com\/en\/wp-json\/wp\/v2\/comments?post=2753"}],"version-history":[{"count":0,"href":"https:\/\/captainlanger.com\/en\/wp-json\/wp\/v2\/pages\/2753\/revisions"}],"up":[{"embeddable":true,"href":"https:\/\/captainlanger.com\/en\/wp-json\/wp\/v2\/pages\/2404"}],"wp:attachment":[{"href":"https:\/\/captainlanger.com\/en\/wp-json\/wp\/v2\/media?parent=2753"}],"curies":[{"name":"wp","href":"https:\/\/api.w.org\/{rel}","templated":true}]}}