{"id":388,"date":"2024-05-17T12:15:26","date_gmt":"2024-05-17T10:15:26","guid":{"rendered":"http:\/\/captainlanger.com\/?page_id=388"},"modified":"2025-04-13T07:27:06","modified_gmt":"2025-04-13T05:27:06","slug":"ueber-uns","status":"publish","type":"page","link":"https:\/\/captainlanger.com\/en\/ueber-uns\/","title":{"rendered":"About us"},"content":{"rendered":"<div data-elementor-type=\"wp-page\" data-elementor-id=\"388\" class=\"elementor elementor-388\" data-elementor-post-type=\"page\">\n\t\t\t\t<div class=\"elementor-element elementor-element-72bc99b e-flex e-con-boxed e-con e-parent\" data-id=\"72bc99b\" data-element_type=\"container\" data-e-type=\"container\">\n\t\t\t\t\t<div class=\"e-con-inner\">\n\t\t\t\t<div class=\"elementor-element elementor-element-877806b elementor-widget elementor-widget-spacer\" data-id=\"877806b\" data-element_type=\"widget\" data-e-type=\"widget\" data-widget_type=\"spacer.default\">\n\t\t\t\t<div class=\"elementor-widget-container\">\n\t\t\t\t\t\t\t<div class=\"elementor-spacer\">\n\t\t\t<div class=\"elementor-spacer-inner\"><\/div>\n\t\t<\/div>\n\t\t\t\t\t\t<\/div>\n\t\t\t\t<\/div>\n\t\t\t\t\t<\/div>\n\t\t\t\t<\/div>\n\t\t<div class=\"elementor-element elementor-element-b7ae1dc e-flex e-con-boxed e-con e-parent\" data-id=\"b7ae1dc\" data-element_type=\"container\" data-e-type=\"container\">\n\t\t\t\t\t<div class=\"e-con-inner\">\n\t\t\t\t\t<\/div>\n\t\t\t\t<\/div>\n\t\t<div class=\"elementor-element elementor-element-f04e304 e-flex e-con-boxed e-con e-parent\" data-id=\"f04e304\" data-element_type=\"container\" data-e-type=\"container\">\n\t\t\t\t\t<div class=\"e-con-inner\">\n\t\t\t\t<div class=\"elementor-element elementor-element-a0addbc elementor-widget elementor-widget-text-editor\" data-id=\"a0addbc\" data-element_type=\"widget\" data-e-type=\"widget\" data-widget_type=\"text-editor.default\">\n\t\t\t\t<div class=\"elementor-widget-container\">\n\t\t\t\t\t\t\t\t\t<p>We are a young company, founded in 2024, made up of former captains who together pursue an ambitious goal. We want to bring our expertise to the world and make it available to you.<\/p>\t\t\t\t\t\t\t\t<\/div>\n\t\t\t\t<\/div>\n\t\t\t\t\t<\/div>\n\t\t\t\t<\/div>\n\t\t<div class=\"elementor-element elementor-element-a07212f e-flex e-con-boxed e-con e-parent\" data-id=\"a07212f\" data-element_type=\"container\" data-e-type=\"container\">\n\t\t\t\t\t<div class=\"e-con-inner\">\n\t\t\t\t<div class=\"elementor-element elementor-element-e4be304 elementor-widget elementor-widget-text-editor\" data-id=\"e4be304\" data-element_type=\"widget\" data-e-type=\"widget\" data-widget_type=\"text-editor.default\">\n\t\t\t\t<div class=\"elementor-widget-container\">\n\t\t\t\t\t\t\t\t\t<p>As engineers, we can juggle numbers and calculate everything you need in the maritime sector. From bunker calculations to lashing forces for adequate cargo securing. We have the necessary expertise in cargo handling and quality control in the areas of liquid cargo and dry bulk cargo. We are also familiar with dangerous goods and have no reservations about dealing with them.<\/p>\t\t\t\t\t\t\t\t<\/div>\n\t\t\t\t<\/div>\n\t\t\t\t\t<\/div>\n\t\t\t\t<\/div>\n\t\t<div class=\"elementor-element elementor-element-5e7ada7 e-flex e-con-boxed e-con e-parent\" data-id=\"5e7ada7\" data-element_type=\"container\" data-e-type=\"container\">\n\t\t\t\t\t<div class=\"e-con-inner\">\n\t\t\t\t<div class=\"elementor-element elementor-element-480d5e2 elementor-widget elementor-widget-text-editor\" data-id=\"480d5e2\" data-element_type=\"widget\" data-e-type=\"widget\" data-widget_type=\"text-editor.default\">\n\t\t\t\t<div class=\"elementor-widget-container\">\n\t\t\t\t\t\t\t\t\t<p>But we are not just engineers, we are experienced sailors!<\/p>\t\t\t\t\t\t\t\t<\/div>\n\t\t\t\t<\/div>\n\t\t\t\t\t<\/div>\n\t\t\t\t<\/div>\n\t\t<div class=\"elementor-element elementor-element-a6c11a0 e-flex e-con-boxed e-con e-parent\" data-id=\"a6c11a0\" data-element_type=\"container\" data-e-type=\"container\">\n\t\t\t\t\t<div class=\"e-con-inner\">\n\t\t\t\t<div class=\"elementor-element elementor-element-641b509 elementor-widget elementor-widget-text-editor\" data-id=\"641b509\" data-element_type=\"widget\" data-e-type=\"widget\" data-widget_type=\"text-editor.default\">\n\t\t\t\t<div class=\"elementor-widget-container\">\n\t\t\t\t\t\t\t\t\t<p>As a sailor, you get a certain gut feeling over the years of sailing the world's oceans. A value that is not available to any other engineer, but which can be of crucial importance because:<\/p>\t\t\t\t\t\t\t\t<\/div>\n\t\t\t\t<\/div>\n\t\t\t\t\t<\/div>\n\t\t\t\t<\/div>\n\t\t<div class=\"elementor-element elementor-element-fc5022e e-flex e-con-boxed e-con e-parent\" data-id=\"fc5022e\" data-element_type=\"container\" data-e-type=\"container\">\n\t\t\t\t\t<div class=\"e-con-inner\">\n\t\t\t\t<div class=\"elementor-element elementor-element-390d18c elementor-widget elementor-widget-text-editor\" data-id=\"390d18c\" data-element_type=\"widget\" data-e-type=\"widget\" data-widget_type=\"text-editor.default\">\n\t\t\t\t<div class=\"elementor-widget-container\">\n\t\t\t\t\t\t\t\t\t<p><strong>Sea transport is difficult to predict!<\/strong><\/p><p><strong>Sea transport always involves risks!<\/strong><\/p><p><strong>Sea transport is sometimes unpredictable.<\/strong><\/p>\t\t\t\t\t\t\t\t<\/div>\n\t\t\t\t<\/div>\n\t\t\t\t\t<\/div>\n\t\t\t\t<\/div>\n\t\t<div class=\"elementor-element elementor-element-a912b67 e-flex e-con-boxed e-con e-parent\" data-id=\"a912b67\" data-element_type=\"container\" data-e-type=\"container\">\n\t\t\t\t\t<div class=\"e-con-inner\">\n\t\t\t\t<div class=\"elementor-element elementor-element-725ea83 elementor-widget elementor-widget-text-editor\" data-id=\"725ea83\" data-element_type=\"widget\" data-e-type=\"widget\" data-widget_type=\"text-editor.default\">\n\t\t\t\t<div class=\"elementor-widget-container\">\n\t\t\t\t\t\t\t\t\t<p><em>Your cargo and your project are our focus and we will support you in the best possible way!<\/em> \u00a0<\/p>\t\t\t\t\t\t\t\t<\/div>\n\t\t\t\t<\/div>\n\t\t\t\t\t<\/div>\n\t\t\t\t<\/div>\n\t\t<div class=\"elementor-element elementor-element-dc1ed9a e-flex e-con-boxed e-con e-parent\" data-id=\"dc1ed9a\" data-element_type=\"container\" data-e-type=\"container\">\n\t\t\t\t\t<div class=\"e-con-inner\">\n\t\t\t\t<div class=\"elementor-element elementor-element-8e07017 elementor-widget elementor-widget-text-editor\" data-id=\"8e07017\" data-element_type=\"widget\" data-e-type=\"widget\" data-widget_type=\"text-editor.default\">\n\t\t\t\t<div class=\"elementor-widget-container\">\n\t\t\t\t\t\t\t\t\t<p>An almost special service is the regulation and compensation of magnetic compasses, the passion of our company founder, Captain Mark Langer. \u00a0 Since the beginning of his career at sea, he was fascinated by the art of compensation and never missed an opportunity to look over the shoulders of the experts at work. In 2023 the time had come and he received his official recognition from the BSH as a magnetic compass regulator.<\/p>\t\t\t\t\t\t\t\t<\/div>\n\t\t\t\t<\/div>\n\t\t\t\t\t<\/div>\n\t\t\t\t<\/div>\n\t\t<div class=\"elementor-element elementor-element-598fff7 e-flex e-con-boxed e-con e-parent\" data-id=\"598fff7\" data-element_type=\"container\" data-e-type=\"container\">\n\t\t\t\t\t<div class=\"e-con-inner\">\n\t\t\t\t<div class=\"elementor-element elementor-element-dc34894 elementor-widget elementor-widget-text-editor\" data-id=\"dc34894\" data-element_type=\"widget\" data-e-type=\"widget\" data-widget_type=\"text-editor.default\">\n\t\t\t\t<div class=\"elementor-widget-container\">\n\t\t\t\t\t\t\t\t\t<p>Since we have set ourselves the goal of passing on our knowledge, we not only offer services in the field of maritime shipping, but also train individual skippers. Depending on your wishes, either in one-to-one lessons or in small groups. Our main focus is on the sports sea skipper's license (SSS) and the sports deep sea skipper's license (SHS) required for commercial shipping. Of course, we also train you in the areas of the sports boat license and sports coastal skipper's license.<\/p><p>\u00a0<\/p>\t\t\t\t\t\t\t\t<\/div>\n\t\t\t\t<\/div>\n\t\t\t\t\t<\/div>\n\t\t\t\t<\/div>\n\t\t\t\t<\/div>","protected":false},"excerpt":{"rendered":"<p>Wir sind ein junges Unternehmen, gegr\u00fcndet 2024, aus ehemaligen Kapit\u00e4nen, die zusammen ein ehrgeiziges Ziel verfolgen. Wir m\u00f6chten unser Fachwissen in die Welt tragen und es Ihnen gerne zur Verf\u00fcgung stellen. Als Ingenieure k\u00f6nnen wir mit Zahlen jonglieren und Ihnen zielf\u00fchrend alles berechnen, was Sie im Bereich Seefahrt ben\u00f6tigen. Angefangen von Bunkerberechnungen bis hin zu [&hellip;]<\/p>\n","protected":false},"author":1,"featured_media":0,"parent":0,"menu_order":5,"comment_status":"closed","ping_status":"closed","template":"","meta":{"footnotes":""},"class_list":["post-388","page","type-page","status-publish","hentry"],"yoast_head":"<!-- This site is optimized with the Yoast SEO plugin v27.4 - https:\/\/yoast.com\/product\/yoast-seo-wordpress\/ -->\n<title>\u00dcber uns - Captain Langer<\/title>\n<meta name=\"robots\" content=\"index, follow, max-snippet:-1, max-image-preview:large, max-video-preview:-1\" \/>\n<link rel=\"canonical\" href=\"https:\/\/captainlanger.com\/en\/ueber-uns\/\" \/>\n<meta property=\"og:locale\" content=\"en_US\" \/>\n<meta property=\"og:type\" content=\"article\" \/>\n<meta property=\"og:title\" content=\"\u00dcber uns - Captain Langer\" \/>\n<meta property=\"og:description\" content=\"Wir sind ein junges Unternehmen, gegr\u00fcndet 2024, aus ehemaligen Kapit\u00e4nen, die zusammen ein ehrgeiziges Ziel verfolgen. Wir m\u00f6chten unser Fachwissen in die Welt tragen und es Ihnen gerne zur Verf\u00fcgung stellen. Als Ingenieure k\u00f6nnen wir mit Zahlen jonglieren und Ihnen zielf\u00fchrend alles berechnen, was Sie im Bereich Seefahrt ben\u00f6tigen. Angefangen von Bunkerberechnungen bis hin zu [&hellip;]\" \/>\n<meta property=\"og:url\" content=\"https:\/\/captainlanger.com\/en\/ueber-uns\/\" \/>\n<meta property=\"og:site_name\" content=\"Captain Langer\" \/>\n<meta property=\"article:modified_time\" content=\"2025-04-13T05:27:06+00:00\" \/>\n<meta name=\"twitter:card\" content=\"summary_large_image\" \/>\n<meta name=\"twitter:label1\" content=\"Est. reading time\" \/>\n\t<meta name=\"twitter:data1\" content=\"2 minutes\" \/>\n<script type=\"application\/ld+json\" class=\"yoast-schema-graph\">{\"@context\":\"https:\\\/\\\/schema.org\",\"@graph\":[{\"@type\":\"WebPage\",\"@id\":\"https:\\\/\\\/captainlanger.com\\\/ueber-uns\\\/\",\"url\":\"https:\\\/\\\/captainlanger.com\\\/ueber-uns\\\/\",\"name\":\"\u00dcber uns - Captain Langer\",\"isPartOf\":{\"@id\":\"https:\\\/\\\/captainlanger.com\\\/#website\"},\"datePublished\":\"2024-05-17T10:15:26+00:00\",\"dateModified\":\"2025-04-13T05:27:06+00:00\",\"breadcrumb\":{\"@id\":\"https:\\\/\\\/captainlanger.com\\\/ueber-uns\\\/#breadcrumb\"},\"inLanguage\":\"en-US\",\"potentialAction\":[{\"@type\":\"ReadAction\",\"target\":[\"https:\\\/\\\/captainlanger.com\\\/ueber-uns\\\/\"]}]},{\"@type\":\"BreadcrumbList\",\"@id\":\"https:\\\/\\\/captainlanger.com\\\/ueber-uns\\\/#breadcrumb\",\"itemListElement\":[{\"@type\":\"ListItem\",\"position\":1,\"name\":\"Startseite\",\"item\":\"https:\\\/\\\/captainlanger.com\\\/\"},{\"@type\":\"ListItem\",\"position\":2,\"name\":\"\u00dcber uns\"}]},{\"@type\":\"WebSite\",\"@id\":\"https:\\\/\\\/captainlanger.com\\\/#website\",\"url\":\"https:\\\/\\\/captainlanger.com\\\/\",\"name\":\"CAPTAIN LANGER\",\"description\":\"Maritime Service\",\"publisher\":{\"@id\":\"https:\\\/\\\/captainlanger.com\\\/#organization\"},\"potentialAction\":[{\"@type\":\"SearchAction\",\"target\":{\"@type\":\"EntryPoint\",\"urlTemplate\":\"https:\\\/\\\/captainlanger.com\\\/?s={search_term_string}\"},\"query-input\":{\"@type\":\"PropertyValueSpecification\",\"valueRequired\":true,\"valueName\":\"search_term_string\"}}],\"inLanguage\":\"en-US\"},{\"@type\":\"Organization\",\"@id\":\"https:\\\/\\\/captainlanger.com\\\/#organization\",\"name\":\"CAPTAIN LANGER\",\"url\":\"https:\\\/\\\/captainlanger.com\\\/\",\"logo\":{\"@type\":\"ImageObject\",\"inLanguage\":\"en-US\",\"@id\":\"https:\\\/\\\/captainlanger.com\\\/#\\\/schema\\\/logo\\\/image\\\/\",\"url\":\"https:\\\/\\\/captainlanger.com\\\/wp-content\\\/uploads\\\/2024\\\/02\\\/LOGO_web.gif\",\"contentUrl\":\"https:\\\/\\\/captainlanger.com\\\/wp-content\\\/uploads\\\/2024\\\/02\\\/LOGO_web.gif\",\"width\":1443,\"height\":408,\"caption\":\"CAPTAIN LANGER\"},\"image\":{\"@id\":\"https:\\\/\\\/captainlanger.com\\\/#\\\/schema\\\/logo\\\/image\\\/\"}}]}<\/script>\n<!-- \/ Yoast SEO plugin. -->","yoast_head_json":{"title":"\u00dcber uns - Captain Langer","robots":{"index":"index","follow":"follow","max-snippet":"max-snippet:-1","max-image-preview":"max-image-preview:large","max-video-preview":"max-video-preview:-1"},"canonical":"https:\/\/captainlanger.com\/en\/ueber-uns\/","og_locale":"en_US","og_type":"article","og_title":"\u00dcber uns - Captain Langer","og_description":"Wir sind ein junges Unternehmen, gegr\u00fcndet 2024, aus ehemaligen Kapit\u00e4nen, die zusammen ein ehrgeiziges Ziel verfolgen. Wir m\u00f6chten unser Fachwissen in die Welt tragen und es Ihnen gerne zur Verf\u00fcgung stellen. Als Ingenieure k\u00f6nnen wir mit Zahlen jonglieren und Ihnen zielf\u00fchrend alles berechnen, was Sie im Bereich Seefahrt ben\u00f6tigen. Angefangen von Bunkerberechnungen bis hin zu [&hellip;]","og_url":"https:\/\/captainlanger.com\/en\/ueber-uns\/","og_site_name":"Captain Langer","article_modified_time":"2025-04-13T05:27:06+00:00","twitter_card":"summary_large_image","twitter_misc":{"Est. reading time":"2 minutes"},"schema":{"@context":"https:\/\/schema.org","@graph":[{"@type":"WebPage","@id":"https:\/\/captainlanger.com\/ueber-uns\/","url":"https:\/\/captainlanger.com\/ueber-uns\/","name":"\u00dcber uns - Captain Langer","isPartOf":{"@id":"https:\/\/captainlanger.com\/#website"},"datePublished":"2024-05-17T10:15:26+00:00","dateModified":"2025-04-13T05:27:06+00:00","breadcrumb":{"@id":"https:\/\/captainlanger.com\/ueber-uns\/#breadcrumb"},"inLanguage":"en-US","potentialAction":[{"@type":"ReadAction","target":["https:\/\/captainlanger.com\/ueber-uns\/"]}]},{"@type":"BreadcrumbList","@id":"https:\/\/captainlanger.com\/ueber-uns\/#breadcrumb","itemListElement":[{"@type":"ListItem","position":1,"name":"Startseite","item":"https:\/\/captainlanger.com\/"},{"@type":"ListItem","position":2,"name":"\u00dcber uns"}]},{"@type":"WebSite","@id":"https:\/\/captainlanger.com\/#website","url":"https:\/\/captainlanger.com\/","name":"CAPTAIN LANGER","description":"Maritime Service","publisher":{"@id":"https:\/\/captainlanger.com\/#organization"},"potentialAction":[{"@type":"SearchAction","target":{"@type":"EntryPoint","urlTemplate":"https:\/\/captainlanger.com\/?s={search_term_string}"},"query-input":{"@type":"PropertyValueSpecification","valueRequired":true,"valueName":"search_term_string"}}],"inLanguage":"en-US"},{"@type":"Organization","@id":"https:\/\/captainlanger.com\/#organization","name":"CAPTAIN LANGER","url":"https:\/\/captainlanger.com\/","logo":{"@type":"ImageObject","inLanguage":"en-US","@id":"https:\/\/captainlanger.com\/#\/schema\/logo\/image\/","url":"https:\/\/captainlanger.com\/wp-content\/uploads\/2024\/02\/LOGO_web.gif","contentUrl":"https:\/\/captainlanger.com\/wp-content\/uploads\/2024\/02\/LOGO_web.gif","width":1443,"height":408,"caption":"CAPTAIN LANGER"},"image":{"@id":"https:\/\/captainlanger.com\/#\/schema\/logo\/image\/"}}]}},"_links":{"self":[{"href":"https:\/\/captainlanger.com\/en\/wp-json\/wp\/v2\/pages\/388","targetHints":{"allow":["GET"]}}],"collection":[{"href":"https:\/\/captainlanger.com\/en\/wp-json\/wp\/v2\/pages"}],"about":[{"href":"https:\/\/captainlanger.com\/en\/wp-json\/wp\/v2\/types\/page"}],"author":[{"embeddable":true,"href":"https:\/\/captainlanger.com\/en\/wp-json\/wp\/v2\/users\/1"}],"replies":[{"embeddable":true,"href":"https:\/\/captainlanger.com\/en\/wp-json\/wp\/v2\/comments?post=388"}],"version-history":[{"count":0,"href":"https:\/\/captainlanger.com\/en\/wp-json\/wp\/v2\/pages\/388\/revisions"}],"wp:attachment":[{"href":"https:\/\/captainlanger.com\/en\/wp-json\/wp\/v2\/media?parent=388"}],"curies":[{"name":"wp","href":"https:\/\/api.w.org\/{rel}","templated":true}]}}